{"id":3554,"date":"2021-03-14T11:46:50","date_gmt":"2021-03-14T11:46:50","guid":{"rendered":"https:\/\/oasimare.it\/vita-di-mare\/"},"modified":"2021-12-14T09:47:52","modified_gmt":"2021-12-14T09:47:52","slug":"vita-di-mare","status":"publish","type":"page","link":"https:\/\/oasimare.it\/fr\/vita-di-mare\/","title":{"rendered":"Vita di mare"},"content":{"rendered":"<p>[vc_row][vc_column]<div class=\"sohohotel-title3 sohohotel-title-color\"><h4>Vacances pour tous<\/h4><\/div>[\/vc_column][\/vc_row][vc_row][vc_column width=\u00a0\u00bb1\/2&Prime;][vc_column_text]<\/p>\n<p style=\"text-align: left;\">Bibione est une cit\u00e9 baln\u00e9aire du Alto Adriatico, situ\u00e9e entre la lagune de <strong>Venise<\/strong> et le golfe de <strong>Trieste<\/strong>.<br \/>\nAvec ses huit kilom\u00e8tres de plage de sable fin et dor\u00e9, c\u2019est la destination parfaite pour des vacances \u00e0 la mer plac\u00e9es sous le signe de bains de soleil relaxants, du sport et des excursions dans la nature, le tout dans un cadre unique.<br \/>\nLa plage de Bibione \u00e9quip\u00e9e de tous les services, la zone naturelle pr\u00e9serv\u00e9e du phare, les thermes et le centre riche en magasins, restaurants et pizzerie pourront r\u00e9pondre aux exigences de toute la famille.<br \/>\nM\u00eame les amis \u00e0 quatre pattes trouveront une vaste zone qui leur est r\u00e9serv\u00e9e o\u00f9 ils pourront jouer et se baigner: la plage Pluto est une zone du littoral \u00e9quip\u00e9e et r\u00e9serv\u00e9e aux personnes qui souhaitent se rendre \u00e0 la plage avec leur chien.<\/p>\n<p>[\/vc_column_text][\/vc_column][vc_column width=\u00a0\u00bb1\/2&Prime;][vc_single_image image=\u00a0\u00bb3550&Prime; img_size=\u00a0\u00bbfull\u00a0\u00bb style=\u00a0\u00bbvc_box_shadow\u00a0\u00bb][\/vc_column][\/vc_row][vc_row][vc_column][vc_empty_space]<div class=\"sohohotel-title3 sohohotel-title-color\"><h4>La nature<\/h4><\/div>[\/vc_column][\/vc_row][vc_row][vc_column width=\u00a0\u00bb1\/2&Prime;][vc_column_text]L\u2019histoire de Bibione est profond\u00e9ment li\u00e9e \u00e0 celle du <strong>fleuve Tagliamento<\/strong> qui a son embouchure \u00e0 l\u2019extr\u00e9mit\u00e9 orientale de la localit\u00e9. La plage s\u2019est form\u00e9e au cours des si\u00e8cles par les s\u00e9diments que le fleuve a, petit \u00e0 petit, d\u00e9pos\u00e9s durant ses crues.<\/p>\n<p>Ce lien est reconnaissable aujourd\u2019hui encore dans la zone de l\u2019embouchure o\u00f9 s\u2019\u00e9l\u00e8ve \u00e9galement un phare ; dans cet environnement sauvage on trouve une alternance de dunes fossiles et de milieux humides unique au niveau europ\u00e9en.<\/p>\n<p>Bibione est l\u2019endroit id\u00e9al pour celui qui souhaite passer des vacances en contact avec la nature, en alternant les promenades au bord de la mer et les excursions \u00e0 v\u00e9lo dans la verdure.<\/p>\n<p>Les pistes cyclables et les parcours r\u00e9serv\u00e9s aux cyclistes sont innombrables : de la piste cyclable le long de la mer, qui parcourt Bibione sur toute sa longueur, \u00e0 la piste qui conduit au port en c\u00f4toyant la zone humide de la Vallesina, au Giratagliamento ; cette piste cyclable c\u00f4toie tout le cours du fleuve Tagliamento depuis l\u2019embouchure \u00e0 Bibione jusqu\u2019aux villages de Latisana et de San Giorgio al Tagliamento.<\/p>\n<p>Quelques kilom\u00e8tres \u00e0 l\u2019ouest du lido de Bibione, on peut visiter la <strong>r\u00e9serve naturelle de ValleVecchia<\/strong>, ,une zone humide int\u00e9ressante au point de vue de la faune, id\u00e9ale pour ceux qui aiment observer les oiseaux, avec une grande plage non am\u00e9nag\u00e9e, dernier t\u00e9moin du littoral sablonneux de l\u2019Alto Adriatico. On peut aller \u00e0 ValleVecchia en voiture, \u00e0 v\u00e9lo et m\u00eame en barque \u00e0 partir de Porto Baseleghe, le port de Bibione Pineda.[\/vc_column_text][\/vc_column][vc_column width=\u00a0\u00bb1\/2&Prime;][vc_single_image image=\u00a0\u00bb3546&Prime; img_size=\u00a0\u00bbfull\u00a0\u00bb style=\u00a0\u00bbvc_box_shadow\u00a0\u00bb][\/vc_column][\/vc_row][vc_row][vc_column][vc_empty_space]<div class=\"sohohotel-title3 sohohotel-title-color\"><h4>Enogastronomie<\/h4><\/div>[\/vc_column][\/vc_row][vc_row][vc_column width=\u00a0\u00bb1\/2&Prime;][vc_column_text]Les conditions climatiques et la nature du terrain \u00e0 Bibione sont optimales pour la culture de fruits et de l\u00e9gumes. La culture la plus renomm\u00e9e est celle de l\u2019<strong>asperge blanche<\/strong>, protagoniste de la f\u00eate du m\u00eame nom qui se d\u00e9roule en avril.<\/p>\n<p>Le riz, dont la culture est historiquement pr\u00e9sente, a \u00e9t\u00e9 r\u00e9cemment mis en valeur par une production r\u00e9duite, mais de haute qualit\u00e9.<\/p>\n<p>On trouve \u00e9galement de nombreux <strong>vergers<\/strong> de pommes, poires et p\u00eaches, tandis que, \u00e0 l\u2019int\u00e9rieur des terres, s\u2019\u00e9tend la <strong>zone viticole de la D.O.C. Lison-Pramaggiore<\/strong>, r\u00e9put\u00e9e pour ses vins rouges que l\u2019on peut d\u00e9guster et acheter directement chez les producteurs.[\/vc_column_text][\/vc_column][vc_column width=\u00a0\u00bb1\/2&Prime;][vc_single_image image=\u00a0\u00bb3594&Prime; img_size=\u00a0\u00bbfull\u00a0\u00bb style=\u00a0\u00bbvc_box_shadow\u00a0\u00bb][\/vc_column][\/vc_row][vc_row][vc_column][vc_empty_space]<div class=\"sohohotel-title3 sohohotel-title-color\"><h4>Les alentours<\/h4><\/div>[\/vc_column][\/vc_row][vc_row][vc_column width=\u00a0\u00bb1\/2&Prime;][vc_column_text]Par sa position centrale dans l\u2019Alto Adriatico, Bibione est le point de d\u00e9part id\u00e9al pour visiter des villes importantes telles que Venise et Trieste, ou pour faire des excursions \u00e0 l\u2019int\u00e9rieur des terres, dans le Veneto ou le Friuli.<br \/>\nLes petites villes, charg\u00e9es d\u2019histoire et de culture, proches de Bibione sont:<\/p>\n<ul>\n<li><strong>Portogruaro<\/strong>: n\u00e9e en tant que port fluvial au XII \u00e8me si\u00e8cle, elle est travers\u00e9e par le fleuve Lemene.En d\u00e9ambulant dans les rues du centre, \u00e0 l\u2019ombre de ses portiques typiques, on peut admirer des \u00e9difices de style gothique v\u00e9nitien.<\/li>\n<li><strong>Concordia Sagittaria<\/strong>: centre fond\u00e9 par les romains au Ier si\u00e8cle avant JC ; son nom rappelle la pr\u00e9sence d\u2019une fabrique de fl\u00e8ches (saggitae). Outre les nombreux t\u00e9moignages de la p\u00e9riode romaine, sont pr\u00e9sents \u00e9galement d\u2019importants vestiges pal\u00e9ochr\u00e9tiens, repr\u00e9sent\u00e9s par la basilique primitive.<\/li>\n<li><strong>Caorle<\/strong>: petite ville pittoresque de bord de mer, accessible par terre ou par mer ou encore gr\u00e2ce aux canaux navigables.<\/li>\n<li><strong>Sesto al Reghena<\/strong>: petite ville proche de Portogruaro ; elle est connue pour son abbaye b\u00e9n\u00e9dictine \u00ab Santa Maria in Sylvis \u00bb, exemple d\u2019art roman.<\/li>\n<li><strong>Aquileia<\/strong>: colonie romaine fond\u00e9e en 181 avant JC et dont on a conserv\u00e9 le port fluvial, le decumano et le forum. Le Mus\u00e9e Arch\u00e9ologique national regroupe les pi\u00e8ces mises \u00e0 jour au cours des diff\u00e9rentes fouilles. De grande valeur, la Basilique romane de la Beata Vergine (XI \u00e8me si\u00e8cle) est \u00e9rig\u00e9e sur un \u00e9difice chr\u00e9tien du V \u00e8me si\u00e8cle ; \u00e0 l\u2019int\u00e9rieur, on peut admirer de pr\u00e9cieuses mosa\u00efques datant du IV \u00e8me si\u00e8cle.<\/li>\n<\/ul>\n<p>[\/vc_column_text][\/vc_column][vc_column width=\u00a0\u00bb1\/2&Prime;][vc_single_image image=\u00a0\u00bb3615&Prime; img_size=\u00a0\u00bbfull\u00a0\u00bb style=\u00a0\u00bbvc_box_shadow\u00a0\u00bb][\/vc_column][\/vc_row][vc_row][vc_column][vc_empty_space][\/vc_column][\/vc_row]<\/p>\n","protected":false},"excerpt":{"rendered":"<p>[vc_row][vc_column][\/vc_column][\/vc_row][vc_row][vc_column width=\u00a0\u00bb1\/2&Prime;][vc_column_text] Bibione est une cit\u00e9 baln\u00e9aire du Alto Adriatico, situ\u00e9e entre la lagune de Venise et le golfe de Trieste. Avec ses huit kilom\u00e8tres de plage de sable fin et dor\u00e9, c\u2019est la destination parfaite pour des vacances \u00e0 la mer plac\u00e9es sous le signe de bains de soleil relaxants, du sport et des<\/p>\n<a href=\"https:\/\/oasimare.it\/fr\/vita-di-mare\/\" class=\"sohohotel-more-link\">Read More<i class=\"fa fa-angle-right\"><\/i><\/a>","protected":false},"author":1,"featured_media":0,"parent":0,"menu_order":0,"comment_status":"closed","ping_status":"closed","template":"","meta":[],"folder":[29],"yoast_head":"<!-- This site is optimized with the Yoast SEO plugin v18.4.1 - https:\/\/yoast.com\/wordpress\/plugins\/seo\/ -->\n<title>Vita di mare - oasimare<\/title>\n<meta name=\"robots\" content=\"index, follow, max-snippet:-1, max-image-preview:large, max-video-preview:-1\" \/>\n<link rel=\"canonical\" href=\"https:\/\/oasimare.it\/fr\/vita-di-mare\/\" \/>\n<meta property=\"og:locale\" content=\"fr_FR\" \/>\n<meta property=\"og:type\" content=\"article\" \/>\n<meta property=\"og:title\" content=\"Vita di mare - oasimare\" \/>\n<meta property=\"og:description\" content=\"[vc_row][vc_column][\/vc_column][\/vc_row][vc_row][vc_column width=\u00a0\u00bb1\/2&Prime;][vc_column_text] Bibione est une cit\u00e9 baln\u00e9aire du Alto Adriatico, situ\u00e9e entre la lagune de Venise et le golfe de Trieste. Avec ses huit kilom\u00e8tres de plage de sable fin et dor\u00e9, c\u2019est la destination parfaite pour des vacances \u00e0 la mer plac\u00e9es sous le signe de bains de soleil relaxants, du sport et des\" \/>\n<meta property=\"og:url\" content=\"https:\/\/oasimare.it\/fr\/vita-di-mare\/\" \/>\n<meta property=\"og:site_name\" content=\"oasimare\" \/>\n<meta property=\"article:modified_time\" content=\"2021-12-14T09:47:52+00:00\" \/>\n<meta name=\"twitter:card\" content=\"summary_large_image\" \/>\n<meta name=\"twitter:label1\" content=\"Dur\u00e9e de lecture estim\u00e9e\" \/>\n\t<meta name=\"twitter:data1\" content=\"5 minutes\" \/>\n<script type=\"application\/ld+json\" class=\"yoast-schema-graph\">{\"@context\":\"https:\/\/schema.org\",\"@graph\":[{\"@type\":\"WebSite\",\"@id\":\"https:\/\/oasimare.it\/#website\",\"url\":\"https:\/\/oasimare.it\/\",\"name\":\"oasimare\",\"description\":\"Appartements de vacances \u00e0 Bibione\",\"inLanguage\":\"fr-FR\"},{\"@type\":\"WebPage\",\"@id\":\"https:\/\/oasimare.it\/fr\/vita-di-mare\/#webpage\",\"url\":\"https:\/\/oasimare.it\/fr\/vita-di-mare\/\",\"name\":\"Vita di mare - oasimare\",\"isPartOf\":{\"@id\":\"https:\/\/oasimare.it\/#website\"},\"datePublished\":\"2021-03-14T11:46:50+00:00\",\"dateModified\":\"2021-12-14T09:47:52+00:00\",\"breadcrumb\":{\"@id\":\"https:\/\/oasimare.it\/fr\/vita-di-mare\/#breadcrumb\"},\"inLanguage\":\"fr-FR\",\"potentialAction\":[{\"@type\":\"ReadAction\",\"target\":[\"https:\/\/oasimare.it\/fr\/vita-di-mare\/\"]}]},{\"@type\":\"BreadcrumbList\",\"@id\":\"https:\/\/oasimare.it\/fr\/vita-di-mare\/#breadcrumb\",\"itemListElement\":[{\"@type\":\"ListItem\",\"position\":1,\"name\":\"Home\",\"item\":\"https:\/\/oasimare.it\/fr\/\"},{\"@type\":\"ListItem\",\"position\":2,\"name\":\"Vita di mare\"}]}]}<\/script>\n<!-- \/ Yoast SEO plugin. -->","yoast_head_json":{"title":"Vita di mare - oasimare","robots":{"index":"index","follow":"follow","max-snippet":"max-snippet:-1","max-image-preview":"max-image-preview:large","max-video-preview":"max-video-preview:-1"},"canonical":"https:\/\/oasimare.it\/fr\/vita-di-mare\/","og_locale":"fr_FR","og_type":"article","og_title":"Vita di mare - oasimare","og_description":"[vc_row][vc_column][\/vc_column][\/vc_row][vc_row][vc_column width=\u00a0\u00bb1\/2&Prime;][vc_column_text] Bibione est une cit\u00e9 baln\u00e9aire du Alto Adriatico, situ\u00e9e entre la lagune de Venise et le golfe de Trieste. Avec ses huit kilom\u00e8tres de plage de sable fin et dor\u00e9, c\u2019est la destination parfaite pour des vacances \u00e0 la mer plac\u00e9es sous le signe de bains de soleil relaxants, du sport et des","og_url":"https:\/\/oasimare.it\/fr\/vita-di-mare\/","og_site_name":"oasimare","article_modified_time":"2021-12-14T09:47:52+00:00","twitter_card":"summary_large_image","twitter_misc":{"Dur\u00e9e de lecture estim\u00e9e":"5 minutes"},"schema":{"@context":"https:\/\/schema.org","@graph":[{"@type":"WebSite","@id":"https:\/\/oasimare.it\/#website","url":"https:\/\/oasimare.it\/","name":"oasimare","description":"Appartements de vacances \u00e0 Bibione","inLanguage":"fr-FR"},{"@type":"WebPage","@id":"https:\/\/oasimare.it\/fr\/vita-di-mare\/#webpage","url":"https:\/\/oasimare.it\/fr\/vita-di-mare\/","name":"Vita di mare - oasimare","isPartOf":{"@id":"https:\/\/oasimare.it\/#website"},"datePublished":"2021-03-14T11:46:50+00:00","dateModified":"2021-12-14T09:47:52+00:00","breadcrumb":{"@id":"https:\/\/oasimare.it\/fr\/vita-di-mare\/#breadcrumb"},"inLanguage":"fr-FR","potentialAction":[{"@type":"ReadAction","target":["https:\/\/oasimare.it\/fr\/vita-di-mare\/"]}]},{"@type":"BreadcrumbList","@id":"https:\/\/oasimare.it\/fr\/vita-di-mare\/#breadcrumb","itemListElement":[{"@type":"ListItem","position":1,"name":"Home","item":"https:\/\/oasimare.it\/fr\/"},{"@type":"ListItem","position":2,"name":"Vita di mare"}]}]}},"_links":{"self":[{"href":"https:\/\/oasimare.it\/fr\/wp-json\/wp\/v2\/pages\/3554"}],"collection":[{"href":"https:\/\/oasimare.it\/fr\/wp-json\/wp\/v2\/pages"}],"about":[{"href":"https:\/\/oasimare.it\/fr\/wp-json\/wp\/v2\/types\/page"}],"author":[{"embeddable":true,"href":"https:\/\/oasimare.it\/fr\/wp-json\/wp\/v2\/users\/1"}],"replies":[{"embeddable":true,"href":"https:\/\/oasimare.it\/fr\/wp-json\/wp\/v2\/comments?post=3554"}],"version-history":[{"count":11,"href":"https:\/\/oasimare.it\/fr\/wp-json\/wp\/v2\/pages\/3554\/revisions"}],"predecessor-version":[{"id":3620,"href":"https:\/\/oasimare.it\/fr\/wp-json\/wp\/v2\/pages\/3554\/revisions\/3620"}],"wp:attachment":[{"href":"https:\/\/oasimare.it\/fr\/wp-json\/wp\/v2\/media?parent=3554"}],"wp:term":[{"taxonomy":"folder","embeddable":true,"href":"https:\/\/oasimare.it\/fr\/wp-json\/wp\/v2\/folder?post=3554"}],"curies":[{"name":"wp","href":"https:\/\/api.w.org\/{rel}","templated":true}]}}