{"id":2213,"date":"2021-03-14T12:04:46","date_gmt":"2021-03-14T12:04:46","guid":{"rendered":"https:\/\/oasimare.it\/oasimare\/chi-e-dove\/"},"modified":"2021-12-02T07:36:18","modified_gmt":"2021-12-02T07:36:18","slug":"qui-et-ou","status":"publish","type":"page","link":"https:\/\/oasimare.it\/fr\/qui-et-ou\/","title":{"rendered":"Qui et O\u00f9"},"content":{"rendered":"<p>[vc_row][vc_column width=\u00a0\u00bb1\/2&Prime;]<div class=\"sohohotel-title3 sohohotel-title-color\"><h4>Oasimare<\/h4><\/div>[vc_column_text]OASImare est le nom choisi par ma famille pour g\u00e9rer nos appartements \u00e0 Bibione.<\/p>\n<p>Nous serons \u00e0 vos c\u00f4t\u00e9s depuis la r\u00e9servation jusqu\u2019au d\u00e9part, nous vous accueillerons \u00e0 votre arriv\u00e9e et nous serons \u00e0 votre disposition pour toute demande ou information durant votre s\u00e9jour.<\/p>\n<p>Pour obtenir des informations sur les h\u00e9bergements, n\u2019h\u00e9sitez pas \u00e0 nous contacter en utilisant les coordonn\u00e9es qui vous conviennent le mieux et que vous trouverez mises \u00e0 jour sur la page <a href=\"https:\/\/oasimare.it\/fr\/contact\/\">contact<\/a>.<\/p>\n<p>[\/vc_column_text][vc_empty_space height=\u00a0\u00bb40px\u00a0\u00bb][\/vc_column][vc_column width=\u00a0\u00bb1\/2&Prime;][vc_column_text]<\/p>\n\n\t\t<div id='gallery-1' class='gallery galleryid-2213 gallery-columns-2 gallery-size-thumbnail'><div class='gallery-item'><div class='gallery-icon'><a href=\"https:\/\/oasimare.it\/oasimare\/wp-content\/uploads\/2021\/05\/bandiera-blu-bibione_s.jpg\" data-gal=\"prettyPhoto[gallery-1]\" title=\"bandiera-blu-bibione_s\"><img src=\"https:\/\/oasimare.it\/oasimare\/wp-content\/uploads\/2021\/05\/bandiera-blu-bibione_s.jpg\" alt=\"\" \/><\/a><\/div><\/div><div class='gallery-item'><div class='gallery-icon'><a href=\"https:\/\/oasimare.it\/oasimare\/wp-content\/uploads\/2021\/03\/appartamento_47_04.jpg\" data-gal=\"prettyPhoto[gallery-1]\" title=\"appartamento_47_04\"><img src=\"https:\/\/oasimare.it\/oasimare\/wp-content\/uploads\/2021\/03\/appartamento_47_04.jpg\" alt=\"\" \/><\/a><\/div><\/div><div class='gallery-item'><div class='gallery-icon'><a href=\"https:\/\/oasimare.it\/oasimare\/wp-content\/uploads\/2021\/03\/appartamento_47_12.jpg\" data-gal=\"prettyPhoto[gallery-1]\" title=\"appartamento_47_12\"><img src=\"https:\/\/oasimare.it\/oasimare\/wp-content\/uploads\/2021\/03\/appartamento_47_12.jpg\" alt=\"\" \/><\/a><\/div><\/div>\n\t\t\t<br style='clear: both;' \/>\n\t\t<\/div>\n\n<p>[\/vc_column_text][vc_empty_space height=\u00a0\u00bb40px\u00a0\u00bb][\/vc_column][\/vc_row][vc_row css=\u00a0\u00bb.vc_custom_1615723777004{padding-top: 40px !important;padding-bottom: 40px !important;}\u00a0\u00bb][vc_column]<div class=\"sohohotel-title3 sohohotel-title-color\"><h4>O\u00f9 nous sommes<\/h4><\/div>[vc_gmaps link=\u00a0\u00bb#E-8_JTNDaWZyYW1lJTIwc3JjJTNEJTIyaHR0cHMlM0ElMkYlMkZ3d3cuZ29vZ2xlLmNvbSUyRm1hcHMlMkZlbWJlZCUzRnBiJTNEJTIxMW0xOCUyMTFtMTIlMjExbTMlMjExZDExMTU4LjY1MDk1OTgzMzc2NyUyMTJkMTMuMDQzMTEwOTE5NjQ5MDAzJTIxM2Q0NS42Mzc1MTEwOTU3MTY1NyUyMTJtMyUyMTFmMCUyMTJmMCUyMTNmMCUyMTNtMiUyMTFpMTAyNCUyMTJpNzY4JTIxNGYxMy4xJTIxM20zJTIxMW0yJTIxMXMweDQ3N2I5MmMxNGE0YzZlZGQlMjUzQTB4MTZjZTk1MTFhNWU1OTIxNyUyMTJzT0FTSSUyNTIwbWFyZSUyNTIwQmliaW9uZSUyMTVlMCUyMTNtMiUyMTFzaXQlMjEyc2l0JTIxNHYxNjE1NDAxNDgzMzU4JTIxNW0yJTIxMXNpdCUyMTJzaXQlMjIlMjB3aWR0aCUzRCUyMjExNDAlMjIlMjBoZWlnaHQlM0QlMjIzNzAlMjIlMjBzdHlsZSUzRCUyMmJvcmRlciUzQTAlM0IlMjIlMjBhbGxvd2Z1bGxzY3JlZW4lM0QlMjIlMjIlMjBsb2FkaW5nJTNEJTIybGF6eSUyMiUzRSUzQyUyRmlmcmFtZSUzRQ==\u00a0\u00bb size=\u00a0\u00bb370&Prime;][\/vc_column][\/vc_row]<\/p>\n","protected":false},"excerpt":{"rendered":"<p>[vc_row][vc_column width=\u00a0\u00bb1\/2&Prime;][vc_column_text]OASImare est le nom choisi par ma famille pour g\u00e9rer nos appartements \u00e0 Bibione. Nous serons \u00e0 vos c\u00f4t\u00e9s depuis la r\u00e9servation jusqu\u2019au d\u00e9part, nous vous accueillerons \u00e0 votre arriv\u00e9e et nous serons \u00e0 votre disposition pour toute demande ou information durant votre s\u00e9jour. Pour obtenir des informations sur les h\u00e9bergements, n\u2019h\u00e9sitez pas \u00e0<\/p>\n<a href=\"https:\/\/oasimare.it\/fr\/qui-et-ou\/\" class=\"sohohotel-more-link\">Read More<i class=\"fa fa-angle-right\"><\/i><\/a>","protected":false},"author":1,"featured_media":0,"parent":0,"menu_order":0,"comment_status":"closed","ping_status":"closed","template":"","meta":[],"folder":[29],"yoast_head":"<!-- This site is optimized with the Yoast SEO plugin v18.4.1 - https:\/\/yoast.com\/wordpress\/plugins\/seo\/ -->\n<title>Qui et O\u00f9 - oasimare<\/title>\n<meta name=\"robots\" content=\"index, follow, max-snippet:-1, max-image-preview:large, max-video-preview:-1\" \/>\n<link rel=\"canonical\" href=\"https:\/\/oasimare.it\/fr\/qui-et-ou\/\" \/>\n<meta property=\"og:locale\" content=\"fr_FR\" \/>\n<meta property=\"og:type\" content=\"article\" \/>\n<meta property=\"og:title\" content=\"Qui et O\u00f9 - oasimare\" \/>\n<meta property=\"og:description\" content=\"[vc_row][vc_column width=\u00a0\u00bb1\/2&Prime;][vc_column_text]OASImare est le nom choisi par ma famille pour g\u00e9rer nos appartements \u00e0 Bibione. Nous serons \u00e0 vos c\u00f4t\u00e9s depuis la r\u00e9servation jusqu\u2019au d\u00e9part, nous vous accueillerons \u00e0 votre arriv\u00e9e et nous serons \u00e0 votre disposition pour toute demande ou information durant votre s\u00e9jour. Pour obtenir des informations sur les h\u00e9bergements, n\u2019h\u00e9sitez pas \u00e0\" \/>\n<meta property=\"og:url\" content=\"https:\/\/oasimare.it\/fr\/qui-et-ou\/\" \/>\n<meta property=\"og:site_name\" content=\"oasimare\" \/>\n<meta property=\"article:modified_time\" content=\"2021-12-02T07:36:18+00:00\" \/>\n<meta name=\"twitter:card\" content=\"summary_large_image\" \/>\n<meta name=\"twitter:label1\" content=\"Dur\u00e9e de lecture estim\u00e9e\" \/>\n\t<meta name=\"twitter:data1\" content=\"1 minute\" \/>\n<script type=\"application\/ld+json\" class=\"yoast-schema-graph\">{\"@context\":\"https:\/\/schema.org\",\"@graph\":[{\"@type\":\"WebSite\",\"@id\":\"https:\/\/oasimare.it\/#website\",\"url\":\"https:\/\/oasimare.it\/\",\"name\":\"oasimare\",\"description\":\"Appartements de vacances \u00e0 Bibione\",\"inLanguage\":\"fr-FR\"},{\"@type\":\"WebPage\",\"@id\":\"https:\/\/oasimare.it\/fr\/qui-et-ou\/#webpage\",\"url\":\"https:\/\/oasimare.it\/fr\/qui-et-ou\/\",\"name\":\"Qui et O\u00f9 - oasimare\",\"isPartOf\":{\"@id\":\"https:\/\/oasimare.it\/#website\"},\"datePublished\":\"2021-03-14T12:04:46+00:00\",\"dateModified\":\"2021-12-02T07:36:18+00:00\",\"breadcrumb\":{\"@id\":\"https:\/\/oasimare.it\/fr\/qui-et-ou\/#breadcrumb\"},\"inLanguage\":\"fr-FR\",\"potentialAction\":[{\"@type\":\"ReadAction\",\"target\":[\"https:\/\/oasimare.it\/fr\/qui-et-ou\/\"]}]},{\"@type\":\"BreadcrumbList\",\"@id\":\"https:\/\/oasimare.it\/fr\/qui-et-ou\/#breadcrumb\",\"itemListElement\":[{\"@type\":\"ListItem\",\"position\":1,\"name\":\"Home\",\"item\":\"https:\/\/oasimare.it\/fr\/\"},{\"@type\":\"ListItem\",\"position\":2,\"name\":\"Qui et O\u00f9\"}]}]}<\/script>\n<!-- \/ Yoast SEO plugin. -->","yoast_head_json":{"title":"Qui et O\u00f9 - oasimare","robots":{"index":"index","follow":"follow","max-snippet":"max-snippet:-1","max-image-preview":"max-image-preview:large","max-video-preview":"max-video-preview:-1"},"canonical":"https:\/\/oasimare.it\/fr\/qui-et-ou\/","og_locale":"fr_FR","og_type":"article","og_title":"Qui et O\u00f9 - oasimare","og_description":"[vc_row][vc_column width=\u00a0\u00bb1\/2&Prime;][vc_column_text]OASImare est le nom choisi par ma famille pour g\u00e9rer nos appartements \u00e0 Bibione. Nous serons \u00e0 vos c\u00f4t\u00e9s depuis la r\u00e9servation jusqu\u2019au d\u00e9part, nous vous accueillerons \u00e0 votre arriv\u00e9e et nous serons \u00e0 votre disposition pour toute demande ou information durant votre s\u00e9jour. Pour obtenir des informations sur les h\u00e9bergements, n\u2019h\u00e9sitez pas \u00e0","og_url":"https:\/\/oasimare.it\/fr\/qui-et-ou\/","og_site_name":"oasimare","article_modified_time":"2021-12-02T07:36:18+00:00","twitter_card":"summary_large_image","twitter_misc":{"Dur\u00e9e de lecture estim\u00e9e":"1 minute"},"schema":{"@context":"https:\/\/schema.org","@graph":[{"@type":"WebSite","@id":"https:\/\/oasimare.it\/#website","url":"https:\/\/oasimare.it\/","name":"oasimare","description":"Appartements de vacances \u00e0 Bibione","inLanguage":"fr-FR"},{"@type":"WebPage","@id":"https:\/\/oasimare.it\/fr\/qui-et-ou\/#webpage","url":"https:\/\/oasimare.it\/fr\/qui-et-ou\/","name":"Qui et O\u00f9 - oasimare","isPartOf":{"@id":"https:\/\/oasimare.it\/#website"},"datePublished":"2021-03-14T12:04:46+00:00","dateModified":"2021-12-02T07:36:18+00:00","breadcrumb":{"@id":"https:\/\/oasimare.it\/fr\/qui-et-ou\/#breadcrumb"},"inLanguage":"fr-FR","potentialAction":[{"@type":"ReadAction","target":["https:\/\/oasimare.it\/fr\/qui-et-ou\/"]}]},{"@type":"BreadcrumbList","@id":"https:\/\/oasimare.it\/fr\/qui-et-ou\/#breadcrumb","itemListElement":[{"@type":"ListItem","position":1,"name":"Home","item":"https:\/\/oasimare.it\/fr\/"},{"@type":"ListItem","position":2,"name":"Qui et O\u00f9"}]}]}},"_links":{"self":[{"href":"https:\/\/oasimare.it\/fr\/wp-json\/wp\/v2\/pages\/2213"}],"collection":[{"href":"https:\/\/oasimare.it\/fr\/wp-json\/wp\/v2\/pages"}],"about":[{"href":"https:\/\/oasimare.it\/fr\/wp-json\/wp\/v2\/types\/page"}],"author":[{"embeddable":true,"href":"https:\/\/oasimare.it\/fr\/wp-json\/wp\/v2\/users\/1"}],"replies":[{"embeddable":true,"href":"https:\/\/oasimare.it\/fr\/wp-json\/wp\/v2\/comments?post=2213"}],"version-history":[{"count":5,"href":"https:\/\/oasimare.it\/fr\/wp-json\/wp\/v2\/pages\/2213\/revisions"}],"predecessor-version":[{"id":3254,"href":"https:\/\/oasimare.it\/fr\/wp-json\/wp\/v2\/pages\/2213\/revisions\/3254"}],"wp:attachment":[{"href":"https:\/\/oasimare.it\/fr\/wp-json\/wp\/v2\/media?parent=2213"}],"wp:term":[{"taxonomy":"folder","embeddable":true,"href":"https:\/\/oasimare.it\/fr\/wp-json\/wp\/v2\/folder?post=2213"}],"curies":[{"name":"wp","href":"https:\/\/api.w.org\/{rel}","templated":true}]}}