{"id":2149,"date":"2021-03-13T11:50:30","date_gmt":"2021-03-13T11:50:30","guid":{"rendered":"https:\/\/oasimare.it\/oasimare\/informazioni\/"},"modified":"2025-01-16T20:29:40","modified_gmt":"2025-01-16T20:29:40","slug":"informations","status":"publish","type":"page","link":"https:\/\/oasimare.it\/fr\/informations\/","title":{"rendered":"Informations"},"content":{"rendered":"<p>[vc_row][vc_column width=\u00a0\u00bb1\/4&Prime;][vc_single_image image=\u00a0\u00bb1573&Prime; img_size=\u00a0\u00bb170&#215;170&Prime;][vc_empty_space][\/vc_column][vc_column width=\u00a0\u00bb3\/4&Prime;][vc_column_text]<strong>VOUS POUVEZ R\u00c9SERVER VOS VACANCES \u00c0 LA MER:<\/strong><br \/>\n\u2022 en nous contactant via les <strong>\u201ccoordonn\u00e9es\u201d<\/strong> indiqu\u00e9es ici en pied de page <a href=\"#footer\">ici &gt;<\/a><br \/>\n\u2022 en nous envoyant un message depuis la <strong>\u201cpage contact\u201d<\/strong> <a href=\"https:\/\/oasimare.it\/fr\/contact\/\">ici &gt;<\/a><br \/>\n\u2022\u00a0<strong>en utilisant notre fonctionnalit\u00e9 \u201cR\u00c9SERVATION En-Ligne\u201d<\/strong> <a href=\"https:\/\/oasimare.it\/fr\/reservations\/\">ici &gt;<\/a>,\u00a0 \u00e9galement sur cette m\u00eame page, qui vous permet de <strong>v\u00e9rifier facilement<\/strong> les dates et appartements disponibles et de <strong>r\u00e9server imm\u00e9diatement<\/strong>.[\/vc_column_text][vc_empty_space][\/vc_column][\/vc_row][vc_row][vc_column width=\u00a0\u00bb1\/4&Prime;][vc_single_image image=\u00a0\u00bb1576&Prime; img_size=\u00a0\u00bb170&#215;170&Prime;][vc_empty_space][\/vc_column][vc_column width=\u00a0\u00bb3\/4&Prime;][vc_column_text]Pour confirmer la r\u00e9servation, nous demandons le versement d\u2019un acompte de 30%.<br \/>\nD\u00e8s r\u00e9ception, une confirmation \u00e9crite de votre r\u00e9servation vous sera envoy\u00e9e<\/p>\n<p><strong>VOUS POUVEZ EFFECTUER LE VERSEMENT VIA:<\/strong><br \/>\n\u2022 \u00a0Virement bancaire (voir indications ci-dessous)<\/p>\n<p><strong>COORDONNEES BANCAIRES:<\/strong><br \/>\n<strong>Banca Prealpi San Biagio Credito Cooperativo<\/strong><br \/>\nB\u00e9n\u00e9ficiaire: PIETRO BRAVIN, SANDRA ZANGRANDO<br \/>\nCode BIC\/SWIFT: CCRT IT 2T PRE<br \/>\nCode IBAN: IT86 F089 0436 1200 4600 0742 565<br \/>\n<strong>En communication, indiquer:<\/strong><br \/>\n\u2022 \u00a0Nom et Pr\u00e9nom du titulaire de la r\u00e9servation.[\/vc_column_text][vc_column_text]Votre r\u00e9servation sera effective uniquement si nous vous avons confirm\u00e9 la disponibilit\u00e9; si vous n\u2019avez pas re\u00e7u confirmation end\u00e9ans les 24 heures (jours ouvrables), nous vous invitons \u00e0 nous contacter. Le montant de l\u2019acompte et les d\u00e9tails de la proposition sont communiqu\u00e9s par e-mail.<\/p>\n<p>L\u2019acompte, dans tous les cas, correspond \u00e0 30% du Loyer et doit parvenir \u00e0 OASI mare au plus tard 3 jours apr\u00e8s la date de communication de la disponibilit\u00e9 de l\u2019appartement pour la p\u00e9riode requise.[\/vc_column_text][vc_empty_space][\/vc_column][\/vc_row][vc_row][vc_column width=\u00a0\u00bb1\/4&Prime;][vc_single_image image=\u00a0\u00bb1575&Prime; img_size=\u00a0\u00bb170&#215;170&Prime;][vc_empty_space][\/vc_column][vc_column width=\u00a0\u00bb3\/4&Prime;][vc_tta_accordion active_section=\u00a0\u00bb0&Prime; collapsible_all=\u00a0\u00bbtrue\u00a0\u00bb][vc_tta_section title=\u00a0\u00bb1. Pr\u00e9ambule\u00a0\u00bb tab_id=\u00a0\u00bb1619889297492-5b4a59e4-1394&Prime;][vc_column_text]Dans les pr\u00e9sentes \u00ab\u00a0Conditions g\u00e9n\u00e9rales\u00a0\u00bb on entend par:<br \/>\n\u2022 \u00a0\u201cLoueur\u201d OASI mare;<br \/>\n\u2022 \u00a0\u201cClient\u201d celui qui effectue la R\u00e9servation et jouit des biens mis en Location par OASI mare;<br \/>\n\u2022 \u00a0\u201cR\u00e9servation\u201d la demande du client de prendre en location un appartement pour une p\u00e9riode d\u00e9termin\u00e9e;<br \/>\n\u2022 \u201cProposition de Contrat\u201d la communication au Client de la part du Loueur, suite \u00e0 la r\u00e9ception de la R\u00e9servation, de la disponibilit\u00e9 d\u2019un appartement, et contenant le d\u00e9tail de l\u2019offre ainsi que l\u2019invitation \u00e0 envoyer un acompte;<br \/>\n\u2022 \u00a0\u201cLettre de Confirmation\u201d la communication au Client de la part du Loueur, confirmation de la r\u00e9ception de l\u2019acompte et l\u2019ach\u00e8vement du Location;<br \/>\n\u2022 \u00a0\u201cLocation\u201d le contrat conclu entre le Loueur et le Client;<br \/>\n\u2022 \u00a0\u201cConditions g\u00e9n\u00e9rales du contrat\u201d les conditions et normes auxquelles est sujette la Location.[\/vc_column_text][\/vc_tta_section][vc_tta_section title=\u00a0\u00bb2. R\u00e9servation et finalisation de la location\u00a0\u00bb tab_id=\u00a0\u00bb1619889297522-43eb5af1-fc42&Prime;][vc_column_text]La Location est dite finalis\u00e9e d\u00e8s r\u00e9ception par le Client de la Lettre de Confirmation que le Loueur envoie imm\u00e9diatement apr\u00e8s avoir re\u00e7u l\u2019acompte dont r\u00e9f. \u00e0 l\u2019article 3.<br \/>\nLa Lettre de Confirmation devra \u00eatre pr\u00e9sent\u00e9e par le\u00a0Client au moment de la remise des cl\u00e9s de l\u2019appartement lou\u00e9. A la Lettre de Confirmation est annex\u00e9 un module contenant la liste des occupants qui devra \u00eatre compl\u00e9t\u00e9 et renvoy\u00e9 le plus rapidement possible au Loueur.[\/vc_column_text][\/vc_tta_section][vc_tta_section title=\u00a0\u00bb3. Acompte et paiement du loyer\u00a0\u00bb tab_id=\u00a0\u00bb1619889424954-7140fee6-7601&Prime;][vc_column_text]Le montant d\u00fb \u00e0 titre d\u2019acompte et le d\u00e9tail de la proposition sont communiqu\u00e9s dans la Proposition de Contrat. L\u2019acompte, dans tous les cas, correspond \u00e0 30% du Loyer et doit parvenir au Loueur end\u00e9ans les quinze jours suivant la date \u00e0 laquelle la disponibilit\u00e9 de l\u2019appartement pour la p\u00e9riode demand\u00e9e a \u00e9t\u00e9 communiqu\u00e9e. Doivent toujours appara\u00eetre en communication du paiement, (dans l\u2019espace pr\u00e9vu pour la communication, quand c\u2019est possible, ou par lettre d\u2019accompagnement du paiement dans les autres cas) le num\u00e9ro de Proposition de Contrat, ainsi que les nom et pr\u00e9nom du titulaire de la R\u00e9servation.<br \/>\nLe Loueur se r\u00e9serve le droit de refuser les acomptes qui parviendraient apr\u00e8s les quinze jours de la date de communication de la disponibilit\u00e9 de l\u2019appartement, avec pour cons\u00e9quence automatique la r\u00e9vocation de la Proposition de Contrat y relative. Le solde du loyer doit \u00eatre vers\u00e9 \u00e0 l\u2019arriv\u00e9e, au moment de la remise des cl\u00e9s de l\u2019appartement, en esp\u00e8ces, par ch\u00e8ques de voyage ou ch\u00e8que bancaire garanti.[\/vc_column_text][\/vc_tta_section][vc_tta_section title=\u00a0\u00bb4. Annulation et d\u00e9sistement\u00a0\u00bb tab_id=\u00a0\u00bb1619889508716-db3cf5e8-2c49&Prime;][vc_column_text]En cas d\u2019annulation, vous ne perdrez pas votre acompte: si le d\u00e9sistement est communiqu\u00e9 au moins 4 semaines avant la date d\u2019arriv\u00e9e, vous recevrez un bonus du montant total d\u00e9j\u00e0 vers\u00e9, valable sur la r\u00e9servation d\u2019un de nos appartements l\u2019ann\u00e9e suivante.[\/vc_column_text][\/vc_tta_section][vc_tta_section title=\u00a0\u00bb5. Arriv\u00e9e, arriv\u00e9e tardive et d\u00e9part anticip\u00e9\u00a0\u00bb tab_id=\u00a0\u00bb1619889555706-a966cac6-580c\u00a0\u00bb][vc_column_text]L\u2019arriv\u00e9e doit avoir lieu le jour \u00e9tabli, entre 15.00h et 20.00h.\u00a0A l\u2019arriv\u00e9e, doivent \u00eatre pr\u00e9sent\u00e9s, pour enregistrement, les documents d\u2019identit\u00e9 de tous les occupants.\u00a0En cas de retard, le Client doit avertir le Loueur; dans le cas contraire, l\u2019appartement sera tenu \u00e0 sa disposition jusqu\u2019\u00e0 10.00h le jour suivant, apr\u00e8s quoi le Loueur sera libre de le remettre en location.<br \/>\nEn cas de d\u00e9part anticip\u00e9 du Client, conform\u00e9ment aux termes du contrat, celui-ci n\u2019aura droit, en aucun cas, \u00e0 une r\u00e9duction de loyer et il ne pourra demander la restitution du montant vers\u00e9.[\/vc_column_text][\/vc_tta_section][vc_tta_section title=\u00a0\u00bb6. Normes de s\u00e9jour et sanctions pr\u00e9vues en cas de non-respect\u00a0\u00bb tab_id=\u00a0\u00bb1619889604789-f7096147-a0e1&Prime;][vc_column_text]Il est interdit d\u2019accueillir plus d\u2019occupants que le nombre de places de couchage indiqu\u00e9 dans la Proposition de Contrat du Loueur et dans la liste des occupants annex\u00e9 \u00e0 la Lettre de Confirmation.\u00a0A cet \u00e9gard, les enfants sont consid\u00e9r\u00e9s comme des adultes<br \/>\nLes occupants sont tenus de respecter le r\u00e8glement d\u2019ordre int\u00e9rieur et d\u2019observer scrupuleusement les normes communes relatives \u00e0 la tranquillit\u00e9, surtout pendant les heures de repos l\u2019apr\u00e8s midi et la nuit, en \u00e9vitant les bruits et tapages importuns.<br \/>\nLes occupants s\u2019engagent \u00e0 prendre soin de l\u2019appartement (murs, sols, etc.), des ustensiles et appareils domestiques (vaisselle, frigo, four, etc.) et du mobilier (meubles, lits, tables, etc.). Pri\u00e8re de rentrer les chaises et table de terrasse chaque fois que l\u2019appartement est inoccup\u00e9. Les \u00e9ventuels objets ab\u00eem\u00e9s ou vol\u00e9s seront factur\u00e9s au client.<br \/>\nLes r\u00e9clamations concernant l\u2019\u00e9tat de l\u2019appartement et de l\u2019\u00e9quipement y relatif seront accept\u00e9es end\u00e9ans les 24 heures de\u00a0l\u2019arriv\u00e9e.<br \/>\nLes animaux domestiques de petite taille ( max.8 kg) sont admis, \u00e0 signaler au moment de la r\u00e9servation.<br \/>\nL\u2019utilisation d\u2019appareils personnels de chauffage ou de conditionnement d\u2019air est interdite.<br \/>\nEn r\u00e9f\u00e9rence \u00e0 ces normes de s\u00e9jour, surtout, mais non limitativement \u00e0 celles concernant le nombre d\u2019occupants, l\u2019entretien des appartements et des chambres et le respect de la tranquillit\u00e9, le Loueur se r\u00e9serve le droit d\u2019inspecter, \u00e0 sa convenance, les locaux, m\u00eame en l\u2019absence des locataires, afin d\u2019en v\u00e9rifier l\u2019application scrupuleuse. En cas de graves manquements, la Location sera r\u00e9sili\u00e9e de plein droit, avec effet imm\u00e9diat, pour cause de transgression imputable au Client et le Loueur pourra obliger le Client \u00e0 lib\u00e9rer les lieux imm\u00e9diatement\u00a0; il pourra, si n\u00e9cessaire, faire appel aux forces de l\u2019ordre.\u00a0En outre, il pourra r\u00e9clamer le paiement du loyer \u00e9ventuellement d\u00fb au moment du d\u00e9part et le d\u00e9dommagement pour d\u2019\u00e9ventuels d\u00e9g\u00e2ts.\u00a0A ce propos, le Loueur conseille l\u2019utilisation des appartements, \u00e9tant donn\u00e9 leur configuration, contexte et position, au seul usage familial.[\/vc_column_text][\/vc_tta_section][vc_tta_section title=\u00a0\u00bb7. Equipement des appartements\u00a0\u00bb tab_id=\u00a0\u00bb1619889669162-621ea435-8b34&Prime;][vc_column_text]Tous les appartements sont enti\u00e8rement meubl\u00e9s et \u00e9quip\u00e9s d\u2019une cuisini\u00e8re \u00e0 gaz, d\u2019un frigo, d\u2019une batterie de cuisine (marmites, assiettes, verres, couverts), d\u2019eau courante chaude et froide, d\u2019\u00e9nergie \u00e9lectrique \u00e0 220 Volts. L\u2019approvisionnement en gaz se fait au moyen d\u2019une bombonne remplac\u00e9e gratuitement quand n\u00e9cessaire, aux horaires suivants: tous les jours de 8.45 \u00e0 12.45 et de 15.45 \u00e0 19.30 (dimanche apr\u00e8s-midi exclu).<br \/>\nChaque lit dispose d\u2019une couverture et d\u2019un oreiller; la salle de bain, de draps de toilette et de bain.<br \/>\nLes appartements sont \u00e9galement dot\u00e9s d\u2019une nappe pour la table.<br \/>\nLes prot\u00e8ge matelas et prot\u00e8ge oreillers ne peuvent \u00eatre utilis\u00e9s comme linge de lit.<br \/>\nL\u2019emplacement auto est pr\u00e9vu pour un v\u00e9hicule de dimensions normales. Pour les Minicars, Minivans et camionnettes, le parking n\u2019est pas garanti.[\/vc_column_text][\/vc_tta_section][vc_tta_section title=\u00a0\u00bb8. D\u00e9part\u00a0\u00bb tab_id=\u00a0\u00bb1619889715284-e429e266-cf92&Prime;][vc_column_text]L\u2019appartement doit \u00eatre lib\u00e9r\u00e9 le jour pr\u00e9vu, \u00e0 10.00 h du matin au plus tard, afin de permettre le contr\u00f4le de l\u2019\u00e9tat d\u2019utilisation et de propret\u00e9 de l\u2019appartement. Le\u00a0Loueur peut, \u00e0 la demande, autoriser le d\u00e9part tardif, mais dans ce cas il se r\u00e9serve le droit de garder la caution \u00e9ventuellement vers\u00e9e par le Client, dont r\u00e9f\u00e9rence au point suivant, et de la lui restituer par la poste apr\u00e8s les v\u00e9rifications d\u2019usage concernant l\u2019\u00e9tat des locaux.<br \/>\nL\u2019appartement doit \u00eatre laiss\u00e9 nettoy\u00e9 et en ordre, libre d\u2019immondices, le frigo vide, la vaisselle lav\u00e9e et le coin cuisine parfaitement propre; en cas contraire, \u20ac 50,00 seront d\u00e9bit\u00e9s.[\/vc_column_text][\/vc_tta_section][vc_tta_section title=\u00a0\u00bb9. Caution\u00a0\u00bb tab_id=\u00a0\u00bb1619889779712-161fa7fe-8ad8&Prime;][vc_column_text]Le Client s\u2019engage, d\u00e8s \u00e0 pr\u00e9sent, \u00e0 laisser les appartements parfaitement en ordre. D\u2019\u00e9ventuels d\u00e9g\u00e2ts ou objets cass\u00e9s devront \u00eatre d\u00e9dommag\u00e9s au prix du tarif. En garantie du respect de toutes les normes de comportement, de manutention et d\u2019usage correct des appartements, OASI Mare pourra, \u00e0 discr\u00e9tion, demander au Client, au moment de la remise des cl\u00e9s, une caution de 100\u20ac.\u00a0Celle-ci lui sera restitu\u00e9e apr\u00e8s v\u00e9rification du parfait \u00e9tat de l\u2019appartement.[\/vc_column_text][\/vc_tta_section][vc_tta_section title=\u00a0\u00bb10. Responsabilit\u00e9 du Loueur\u00a0\u00bb tab_id=\u00a0\u00bb1619889822547-ae405826-c8c9&Prime;][vc_column_text]Aucune responsabilit\u00e9 ne peut \u00eatre imput\u00e9e au Loueur concernant d\u2019\u00e9ventuels dommages, accidents, pertes, vols, retards et inconv\u00e9nients de tout genre qui pourraient survenir. Le Loueur met cependant tout en \u0153uvre pour aider \u00e0 r\u00e9soudre d\u2019\u00e9ventuels probl\u00e8mes.\u00a0Les demandes de d\u00e9dommagement de d\u00e9g\u00e2ts devront \u00eatre trait\u00e9es sur place.\u00a0Par contre, le tribunal de Venise sera exclusivement comp\u00e9tent pour r\u00e9gler des controverses l\u00e9gales.[\/vc_column_text][\/vc_tta_section][vc_tta_section title=\u00a0\u00bb11. Normes particuli\u00e8res\u00a0\u00bb tab_id=\u00a0\u00bb1619889857687-da0c825c-8613&Prime;][vc_column_text]Le Loueur se r\u00e9serve, en cas d\u2019impr\u00e9vu lors de l\u2019attribution de l\u2019appartement r\u00e9serv\u00e9, le droit de le remplacer par un autre ayant les m\u00eames caract\u00e9ristiques.\u00a0Dans ce cas, d\u2019\u00e9ventuels co\u00fbts plus \u00e9lev\u00e9s seront \u00e0 charge de OASI Mare.\u00a0La demande d\u2019un appartement sp\u00e9cifique (num\u00e9ro, \u00e9tage, orientation, vue, etc.) sera prise en consid\u00e9ration par OASI Mare, qui toutefois ne peut en fournir la garantie.\u00a0La description de la composition de l\u2019appartement reprise dans le catalogue peut, exceptionnellement, subir quelques variations.\u00a0Nous vous informons que du personnel autoris\u00e9 par le Loueur peut entrer dans les appartements afin d\u2019y effectuer d\u2019\u00e9ventuelles r\u00e9parations ou manutentions, m\u00eame en l\u2019absence des locataires.[\/vc_column_text][\/vc_tta_section][vc_tta_section title=\u00a0\u00bb12. Acceptation\u00a0\u00bb tab_id=\u00a0\u00bb1619889904302-13059e86-bd1a\u00a0\u00bb][vc_column_text]Par sa r\u00e9servation, le Client accepte express\u00e9ment toutes les conditions ci-expos\u00e9es.[\/vc_column_text][\/vc_tta_section][\/vc_tta_accordion][vc_empty_space][vc_raw_html]JTNDYSUyMG5hbWUlM0QlMjJmb290ZXIlMjIlM0UlM0MlMkZhJTNF[\/vc_raw_html][\/vc_column][\/vc_row]<\/p>\n","protected":false},"excerpt":{"rendered":"<p>[vc_row][vc_column width=\u00a0\u00bb1\/4&Prime;][vc_single_image image=\u00a0\u00bb1573&Prime; img_size=\u00a0\u00bb170&#215;170&Prime;][vc_empty_space][\/vc_column][vc_column width=\u00a0\u00bb3\/4&Prime;][vc_column_text]VOUS POUVEZ R\u00c9SERVER VOS VACANCES \u00c0 LA MER: \u2022 en nous contactant via les \u201ccoordonn\u00e9es\u201d indiqu\u00e9es ici en pied de page ici &gt; \u2022 en nous envoyant un message depuis la \u201cpage contact\u201d ici &gt; \u2022\u00a0en utilisant notre fonctionnalit\u00e9 \u201cR\u00c9SERVATION En-Ligne\u201d ici &gt;,\u00a0 \u00e9galement sur cette m\u00eame page, qui vous permet<\/p>\n<a href=\"https:\/\/oasimare.it\/fr\/informations\/\" class=\"sohohotel-more-link\">Read More<i class=\"fa fa-angle-right\"><\/i><\/a>","protected":false},"author":1,"featured_media":0,"parent":0,"menu_order":0,"comment_status":"closed","ping_status":"closed","template":"","meta":[],"folder":[29],"yoast_head":"<!-- This site is optimized with the Yoast SEO plugin v18.4.1 - https:\/\/yoast.com\/wordpress\/plugins\/seo\/ -->\n<title>Informations - oasimare<\/title>\n<meta name=\"robots\" content=\"index, follow, max-snippet:-1, max-image-preview:large, max-video-preview:-1\" \/>\n<link rel=\"canonical\" href=\"https:\/\/oasimare.it\/fr\/informations\/\" \/>\n<meta property=\"og:locale\" content=\"fr_FR\" \/>\n<meta property=\"og:type\" content=\"article\" \/>\n<meta property=\"og:title\" content=\"Informations - oasimare\" \/>\n<meta property=\"og:description\" content=\"[vc_row][vc_column width=\u00a0\u00bb1\/4&Prime;][vc_single_image image=\u00a0\u00bb1573&Prime; img_size=\u00a0\u00bb170&#215;170&Prime;][vc_empty_space][\/vc_column][vc_column width=\u00a0\u00bb3\/4&Prime;][vc_column_text]VOUS POUVEZ R\u00c9SERVER VOS VACANCES \u00c0 LA MER: \u2022 en nous contactant via les \u201ccoordonn\u00e9es\u201d indiqu\u00e9es ici en pied de page ici &gt; \u2022 en nous envoyant un message depuis la \u201cpage contact\u201d ici &gt; \u2022\u00a0en utilisant notre fonctionnalit\u00e9 \u201cR\u00c9SERVATION En-Ligne\u201d ici &gt;,\u00a0 \u00e9galement sur cette m\u00eame page, qui vous permet\" \/>\n<meta property=\"og:url\" content=\"https:\/\/oasimare.it\/fr\/informations\/\" \/>\n<meta property=\"og:site_name\" content=\"oasimare\" \/>\n<meta property=\"article:modified_time\" content=\"2025-01-16T20:29:40+00:00\" \/>\n<meta name=\"twitter:card\" content=\"summary_large_image\" \/>\n<meta name=\"twitter:label1\" content=\"Dur\u00e9e de lecture estim\u00e9e\" \/>\n\t<meta name=\"twitter:data1\" content=\"8 minutes\" \/>\n<script type=\"application\/ld+json\" class=\"yoast-schema-graph\">{\"@context\":\"https:\/\/schema.org\",\"@graph\":[{\"@type\":\"WebSite\",\"@id\":\"https:\/\/oasimare.it\/#website\",\"url\":\"https:\/\/oasimare.it\/\",\"name\":\"oasimare\",\"description\":\"Appartements de vacances \u00e0 Bibione\",\"inLanguage\":\"fr-FR\"},{\"@type\":\"WebPage\",\"@id\":\"https:\/\/oasimare.it\/fr\/informations\/#webpage\",\"url\":\"https:\/\/oasimare.it\/fr\/informations\/\",\"name\":\"Informations - oasimare\",\"isPartOf\":{\"@id\":\"https:\/\/oasimare.it\/#website\"},\"datePublished\":\"2021-03-13T11:50:30+00:00\",\"dateModified\":\"2025-01-16T20:29:40+00:00\",\"breadcrumb\":{\"@id\":\"https:\/\/oasimare.it\/fr\/informations\/#breadcrumb\"},\"inLanguage\":\"fr-FR\",\"potentialAction\":[{\"@type\":\"ReadAction\",\"target\":[\"https:\/\/oasimare.it\/fr\/informations\/\"]}]},{\"@type\":\"BreadcrumbList\",\"@id\":\"https:\/\/oasimare.it\/fr\/informations\/#breadcrumb\",\"itemListElement\":[{\"@type\":\"ListItem\",\"position\":1,\"name\":\"Home\",\"item\":\"https:\/\/oasimare.it\/fr\/\"},{\"@type\":\"ListItem\",\"position\":2,\"name\":\"Informations\"}]}]}<\/script>\n<!-- \/ Yoast SEO plugin. -->","yoast_head_json":{"title":"Informations - oasimare","robots":{"index":"index","follow":"follow","max-snippet":"max-snippet:-1","max-image-preview":"max-image-preview:large","max-video-preview":"max-video-preview:-1"},"canonical":"https:\/\/oasimare.it\/fr\/informations\/","og_locale":"fr_FR","og_type":"article","og_title":"Informations - oasimare","og_description":"[vc_row][vc_column width=\u00a0\u00bb1\/4&Prime;][vc_single_image image=\u00a0\u00bb1573&Prime; img_size=\u00a0\u00bb170&#215;170&Prime;][vc_empty_space][\/vc_column][vc_column width=\u00a0\u00bb3\/4&Prime;][vc_column_text]VOUS POUVEZ R\u00c9SERVER VOS VACANCES \u00c0 LA MER: \u2022 en nous contactant via les \u201ccoordonn\u00e9es\u201d indiqu\u00e9es ici en pied de page ici &gt; \u2022 en nous envoyant un message depuis la \u201cpage contact\u201d ici &gt; \u2022\u00a0en utilisant notre fonctionnalit\u00e9 \u201cR\u00c9SERVATION En-Ligne\u201d ici &gt;,\u00a0 \u00e9galement sur cette m\u00eame page, qui vous permet","og_url":"https:\/\/oasimare.it\/fr\/informations\/","og_site_name":"oasimare","article_modified_time":"2025-01-16T20:29:40+00:00","twitter_card":"summary_large_image","twitter_misc":{"Dur\u00e9e de lecture estim\u00e9e":"8 minutes"},"schema":{"@context":"https:\/\/schema.org","@graph":[{"@type":"WebSite","@id":"https:\/\/oasimare.it\/#website","url":"https:\/\/oasimare.it\/","name":"oasimare","description":"Appartements de vacances \u00e0 Bibione","inLanguage":"fr-FR"},{"@type":"WebPage","@id":"https:\/\/oasimare.it\/fr\/informations\/#webpage","url":"https:\/\/oasimare.it\/fr\/informations\/","name":"Informations - oasimare","isPartOf":{"@id":"https:\/\/oasimare.it\/#website"},"datePublished":"2021-03-13T11:50:30+00:00","dateModified":"2025-01-16T20:29:40+00:00","breadcrumb":{"@id":"https:\/\/oasimare.it\/fr\/informations\/#breadcrumb"},"inLanguage":"fr-FR","potentialAction":[{"@type":"ReadAction","target":["https:\/\/oasimare.it\/fr\/informations\/"]}]},{"@type":"BreadcrumbList","@id":"https:\/\/oasimare.it\/fr\/informations\/#breadcrumb","itemListElement":[{"@type":"ListItem","position":1,"name":"Home","item":"https:\/\/oasimare.it\/fr\/"},{"@type":"ListItem","position":2,"name":"Informations"}]}]}},"_links":{"self":[{"href":"https:\/\/oasimare.it\/fr\/wp-json\/wp\/v2\/pages\/2149"}],"collection":[{"href":"https:\/\/oasimare.it\/fr\/wp-json\/wp\/v2\/pages"}],"about":[{"href":"https:\/\/oasimare.it\/fr\/wp-json\/wp\/v2\/types\/page"}],"author":[{"embeddable":true,"href":"https:\/\/oasimare.it\/fr\/wp-json\/wp\/v2\/users\/1"}],"replies":[{"embeddable":true,"href":"https:\/\/oasimare.it\/fr\/wp-json\/wp\/v2\/comments?post=2149"}],"version-history":[{"count":23,"href":"https:\/\/oasimare.it\/fr\/wp-json\/wp\/v2\/pages\/2149\/revisions"}],"predecessor-version":[{"id":4107,"href":"https:\/\/oasimare.it\/fr\/wp-json\/wp\/v2\/pages\/2149\/revisions\/4107"}],"wp:attachment":[{"href":"https:\/\/oasimare.it\/fr\/wp-json\/wp\/v2\/media?parent=2149"}],"wp:term":[{"taxonomy":"folder","embeddable":true,"href":"https:\/\/oasimare.it\/fr\/wp-json\/wp\/v2\/folder?post=2149"}],"curies":[{"name":"wp","href":"https:\/\/api.w.org\/{rel}","templated":true}]}}