{"id":3555,"date":"2021-03-14T11:46:50","date_gmt":"2021-03-14T11:46:50","guid":{"rendered":"https:\/\/oasimare.it\/vita-di-mare\/"},"modified":"2021-12-17T09:33:10","modified_gmt":"2021-12-17T09:33:10","slug":"vita-di-mare","status":"publish","type":"page","link":"https:\/\/oasimare.it\/de\/vita-di-mare\/","title":{"rendered":"Vita di mare"},"content":{"rendered":"<p>[vc_row][vc_column]<div class=\"sohohotel-title3 sohohotel-title-color\"><h4>Urlaub f\u00fcr alle<\/h4><\/div>[\/vc_column][\/vc_row][vc_row][vc_column width=&#8220;1\/2&#8243;][vc_column_text]Bibione ist ein Badeort an der Obere Adria, der zwischen die Lagune von <strong>Venedig<\/strong> und dem Golf von <strong>Triest<\/strong> liegt.<\/p>\n<p>Mit seinem acht Kilometer langen Strand mit feinem, goldenem Sand ist es das perfekte Ziel f\u00fcr einen Strandurlaub im Zeichen von entspannendem Sonnenbaden, Sport und Ausfl\u00fcgen in die Natur in einer einzigartigen Umgebung.<\/p>\n<p>Der mit allen Dienstleistungen ausgestattete Strand von Bibione, der charakteristische Naturbereich des Leuchtturms, die B\u00e4der und das Zentrum voller Gesch\u00e4fte, Restaurants und Pizzerien wissen, wie man die Urlaubsbed\u00fcrfnisse der ganzen Familie befriedigen kann.<\/p>\n<p>Auch Haustiere finden hier einen gro\u00dfen Bereich zum Spielen und Schwimmen: Der Strand von Pluto ist ein Bereich des Strandes, der f\u00fcr die Leute, die mit ihrem Hund an den Strand gehen m\u00f6chten, ausgestattet ist.[\/vc_column_text][\/vc_column][vc_column width=&#8220;1\/2&#8243;][vc_single_image image=&#8220;3551&#8243; img_size=&#8220;full&#8220; style=&#8220;vc_box_shadow&#8220;][\/vc_column][\/vc_row][vc_row][vc_column][vc_empty_space]<div class=\"sohohotel-title3 sohohotel-title-color\"><h4>Die Natur<\/h4><\/div>[\/vc_column][\/vc_row][vc_row][vc_column width=&#8220;1\/2&#8243;][vc_column_text]Die Geschichte von Bibione ist eng mit der des <strong>Flusses Tagliamento<\/strong> verbunden, der am \u00f6stlichen Ende der Stadt flie\u00dft. Der Strand wurde im Laufe der Jahrhunderte durch die Sedimente geformt, die der Fluss w\u00e4hrend seiner \u00dcberschwemmungen nach und nach abgelagert hat.<\/p>\n<p>Diese Verbindung ist noch heute im Bereich der M\u00fcndung erkennbar, wo auch ein Leuchtturm steht, in dem sich noch wilde Umgebungen in einem einzigartigen System aus fossilen D\u00fcnen und feuchten Umgebungen abwechseln.<\/p>\n<p>Hier ist Bibione das ideale Ziel f\u00fcr diejenigen, die einen Urlaub im Kontakt mit der Natur verbringen m\u00f6chten, Strandspazierg\u00e4nge und Radtouren in der Natur machen wollen.<\/p>\n<p>Es gibt unz\u00e4hlige Radwege, die den Radfahrern gewidmet sind: vom Radweg des Meeres entlang, der in seiner ganzen L\u00e4nge entlang Bibione verl\u00e4uft, \u00fcber den Weg, der durch das Feuchtgebiet von Vallesina zum Hafen f\u00fchrt, bis zum &#8222;Giratagliamento&#8220;, einem Radweg die entlang des gesamten Flusslaufs des Tagliamento von der M\u00fcndung von Bibione bis zu den Orten im Landesinneren Latisana und San Giorgio al Tagliamento verl\u00e4uft.<\/p>\n<p>Ein paar Kilometer westlich des Lido di Bibione k\u00f6nnen Sie das <strong>Naturschutzgebiet ValleVecchia<\/strong> besuchen, ein Feuchtgebiet von Interesse f\u00fcr die Tierwelt, ideal f\u00fcr Vogelbeobachter, mit einem ausgedehnten Strand, der nicht ausgestattet ist, das letzte Zeugnis der urspr\u00fcnglichen Sandstr\u00e4nde des Oberen Adria. ValleVecchia kann mit dem Auto, Fahrrad und sogar mit dem Boot erreicht werden, mit Touren ab Porto Baseleghe, dem Hafen von Bibione Pineda.[\/vc_column_text][\/vc_column][vc_column width=&#8220;1\/2&#8243;][vc_single_image image=&#8220;3547&#8243; img_size=&#8220;full&#8220; style=&#8220;vc_box_shadow&#8220;][\/vc_column][\/vc_row][vc_row][vc_column][vc_empty_space]<div class=\"sohohotel-title3 sohohotel-title-color\"><h4>Essen und Wein<\/h4><\/div>[\/vc_column][\/vc_row][vc_row][vc_column width=&#8220;1\/2&#8243;][vc_column_text]Die klimatischen und Bodenbesonderheiten von Bibione machen es auch perfekt f\u00fcr den Anbau von Obst und Gem\u00fcse. Die bekannteste Ernte ist der <strong>wei\u00dfe Spargel<\/strong>, der Protagonist des gleichnamigen Festivals, das im April stattfindet.<\/p>\n<p>Reis, eine historische Kulturpflanze, wurde k\u00fcrzlich in reduzierten, aber qualitativ hochwertigen Produktionen verbessert.<\/p>\n<p><strong>Obstg\u00e4rten<\/strong> von \u00c4pfel, Birnen und Pfirsiche sind sehr beliebt, w\u00e4hrend sich im Hinterland das <strong>Weinanbaugebiet der D.O.C. Lison-Pramaggiore<\/strong>, ber\u00fchmt f\u00fcr seine Rotweine, die direkt von den \u00f6rtlichen Weing\u00fctern, die sie produzieren, probiert und gekauft werden k\u00f6nnen.[\/vc_column_text][\/vc_column][vc_column width=&#8220;1\/2&#8243;][vc_single_image image=&#8220;3595&#8243; img_size=&#8220;full&#8220; style=&#8220;vc_box_shadow&#8220;][\/vc_column][\/vc_row][vc_row][vc_column][vc_empty_space]<div class=\"sohohotel-title3 sohohotel-title-color\"><h4>Die Umgebung<\/h4><\/div>[\/vc_column][\/vc_row][vc_row][vc_column width=&#8220;1\/2&#8243;][vc_column_text]Die zentrale Lage von Bibione an der oberen Adria macht es zu einem hervorragenden Ausgangspunkt f\u00fcr den Besuch wichtiger St\u00e4dte wie Venedig und Triest, aber auch als Ausgangspunkt f\u00fcr Ausfl\u00fcge in das Hinterland von Venetien und Friaul.<\/p>\n<p>Die geschichtstr\u00e4chtigen und kulturreichen St\u00e4dte, die von Bibione aus in kurzer Zeit erreicht werden k\u00f6nnen, sind:<\/p>\n<ul>\n<li><strong>Portogruaro<\/strong>, im 12. Jahrhundert als Flusshafen geboren, wird vom Fluss Lemene durchquert. Entlang der Stra\u00dfen des Zentrums k\u00f6nnen Sie im Schatten der typischen Arkaden Geb\u00e4ude im venezianischen Gotikstil bewundern.<\/li>\n<li><strong>Concordia Sagittaria<\/strong> ist ein Zentrum, das im 1. Jahrhundert v. Chr. von den R\u00f6mern gegr\u00fcndet wurde. deren Name an das Vorhandensein einer Pfeilfabrik (Saggitae) erinnert. Neben den Zeugnissen der R\u00f6merzeit gibt es bedeutende fr\u00fchchristliche \u00dcberreste, vertreten durch die primitive Basilika.<\/li>\n<li><strong>Caorle<\/strong> ist ein malerisches K\u00fcstenst\u00e4dtchen, das von Bibione auf dem Land- oder Seeweg auch dank der schiffbaren Kan\u00e4le erreicht werden kann.<\/li>\n<li><strong>Sesto al Reghena<\/strong>, ein kleiner Ort unweit von Portogruaro, ist bekannt f\u00fcr seine Benediktinerabtei \u201eSanta Maria in Sylvis\u201c, ein Beispiel romanischer Kunst.<\/li>\n<li><strong>Aquileia<\/strong>, eine r\u00f6mische Kolonie, die 181 v. Chr. Gegr\u00fcndet wurde. von denen der Flusshafen, der Decumanus und das Forum erhalten sind. Das Nationale Arch\u00e4ologische Museum sammelt die Artefakte, die bei den verschiedenen Ausgrabungen gefunden wurden. Von gro\u00dfem Wert ist die romanische Basilika der Heiligen Jungfrau (11. Jahrhundert), die auf einem christlichen Geb\u00e4ude aus dem 5. Jahrhundert errichtet wurde und in deren Inneren die kostbaren Mosaiken aus dem 4. Jahrhundert zu bewundern sind.<\/li>\n<\/ul>\n<p>[\/vc_column_text][\/vc_column][vc_column width=&#8220;1\/2&#8243;][vc_single_image image=&#8220;3616&#8243; img_size=&#8220;full&#8220; style=&#8220;vc_box_shadow&#8220;][\/vc_column][\/vc_row][vc_row][vc_column][vc_empty_space][\/vc_column][\/vc_row]<\/p>\n","protected":false},"excerpt":{"rendered":"<p>[vc_row][vc_column][\/vc_column][\/vc_row][vc_row][vc_column width=&#8220;1\/2&#8243;][vc_column_text]Bibione ist ein Badeort an der Obere Adria, der zwischen die Lagune von Venedig und dem Golf von Triest liegt. Mit seinem acht Kilometer langen Strand mit feinem, goldenem Sand ist es das perfekte Ziel f\u00fcr einen Strandurlaub im Zeichen von entspannendem Sonnenbaden, Sport und Ausfl\u00fcgen in die Natur in einer einzigartigen Umgebung. Der<\/p>\n<a href=\"https:\/\/oasimare.it\/de\/vita-di-mare\/\" class=\"sohohotel-more-link\">Read More<i class=\"fa fa-angle-right\"><\/i><\/a>","protected":false},"author":1,"featured_media":0,"parent":0,"menu_order":0,"comment_status":"closed","ping_status":"closed","template":"","meta":[],"folder":[29],"yoast_head":"<!-- This site is optimized with the Yoast SEO plugin v18.4.1 - https:\/\/yoast.com\/wordpress\/plugins\/seo\/ -->\n<title>Vita di mare - oasimare<\/title>\n<meta name=\"robots\" content=\"index, follow, max-snippet:-1, max-image-preview:large, max-video-preview:-1\" \/>\n<link rel=\"canonical\" href=\"https:\/\/oasimare.it\/de\/vita-di-mare\/\" \/>\n<meta property=\"og:locale\" content=\"de_DE\" \/>\n<meta property=\"og:type\" content=\"article\" \/>\n<meta property=\"og:title\" content=\"Vita di mare - oasimare\" \/>\n<meta property=\"og:description\" content=\"[vc_row][vc_column][\/vc_column][\/vc_row][vc_row][vc_column width=&#8220;1\/2&#8243;][vc_column_text]Bibione ist ein Badeort an der Obere Adria, der zwischen die Lagune von Venedig und dem Golf von Triest liegt. Mit seinem acht Kilometer langen Strand mit feinem, goldenem Sand ist es das perfekte Ziel f\u00fcr einen Strandurlaub im Zeichen von entspannendem Sonnenbaden, Sport und Ausfl\u00fcgen in die Natur in einer einzigartigen Umgebung. Der\" \/>\n<meta property=\"og:url\" content=\"https:\/\/oasimare.it\/de\/vita-di-mare\/\" \/>\n<meta property=\"og:site_name\" content=\"oasimare\" \/>\n<meta property=\"article:modified_time\" content=\"2021-12-17T09:33:10+00:00\" \/>\n<meta name=\"twitter:card\" content=\"summary_large_image\" \/>\n<meta name=\"twitter:label1\" content=\"Gesch\u00e4tzte Lesezeit\" \/>\n\t<meta name=\"twitter:data1\" content=\"5 Minuten\" \/>\n<script type=\"application\/ld+json\" class=\"yoast-schema-graph\">{\"@context\":\"https:\/\/schema.org\",\"@graph\":[{\"@type\":\"WebSite\",\"@id\":\"https:\/\/oasimare.it\/#website\",\"url\":\"https:\/\/oasimare.it\/\",\"name\":\"oasimare\",\"description\":\"Ferienwohnungen in Bibione\",\"inLanguage\":\"de-DE\"},{\"@type\":\"WebPage\",\"@id\":\"https:\/\/oasimare.it\/de\/vita-di-mare\/#webpage\",\"url\":\"https:\/\/oasimare.it\/de\/vita-di-mare\/\",\"name\":\"Vita di mare - oasimare\",\"isPartOf\":{\"@id\":\"https:\/\/oasimare.it\/#website\"},\"datePublished\":\"2021-03-14T11:46:50+00:00\",\"dateModified\":\"2021-12-17T09:33:10+00:00\",\"breadcrumb\":{\"@id\":\"https:\/\/oasimare.it\/de\/vita-di-mare\/#breadcrumb\"},\"inLanguage\":\"de-DE\",\"potentialAction\":[{\"@type\":\"ReadAction\",\"target\":[\"https:\/\/oasimare.it\/de\/vita-di-mare\/\"]}]},{\"@type\":\"BreadcrumbList\",\"@id\":\"https:\/\/oasimare.it\/de\/vita-di-mare\/#breadcrumb\",\"itemListElement\":[{\"@type\":\"ListItem\",\"position\":1,\"name\":\"Home\",\"item\":\"https:\/\/oasimare.it\/de\/\"},{\"@type\":\"ListItem\",\"position\":2,\"name\":\"Vita di mare\"}]}]}<\/script>\n<!-- \/ Yoast SEO plugin. -->","yoast_head_json":{"title":"Vita di mare - oasimare","robots":{"index":"index","follow":"follow","max-snippet":"max-snippet:-1","max-image-preview":"max-image-preview:large","max-video-preview":"max-video-preview:-1"},"canonical":"https:\/\/oasimare.it\/de\/vita-di-mare\/","og_locale":"de_DE","og_type":"article","og_title":"Vita di mare - oasimare","og_description":"[vc_row][vc_column][\/vc_column][\/vc_row][vc_row][vc_column width=&#8220;1\/2&#8243;][vc_column_text]Bibione ist ein Badeort an der Obere Adria, der zwischen die Lagune von Venedig und dem Golf von Triest liegt. Mit seinem acht Kilometer langen Strand mit feinem, goldenem Sand ist es das perfekte Ziel f\u00fcr einen Strandurlaub im Zeichen von entspannendem Sonnenbaden, Sport und Ausfl\u00fcgen in die Natur in einer einzigartigen Umgebung. Der","og_url":"https:\/\/oasimare.it\/de\/vita-di-mare\/","og_site_name":"oasimare","article_modified_time":"2021-12-17T09:33:10+00:00","twitter_card":"summary_large_image","twitter_misc":{"Gesch\u00e4tzte Lesezeit":"5 Minuten"},"schema":{"@context":"https:\/\/schema.org","@graph":[{"@type":"WebSite","@id":"https:\/\/oasimare.it\/#website","url":"https:\/\/oasimare.it\/","name":"oasimare","description":"Ferienwohnungen in Bibione","inLanguage":"de-DE"},{"@type":"WebPage","@id":"https:\/\/oasimare.it\/de\/vita-di-mare\/#webpage","url":"https:\/\/oasimare.it\/de\/vita-di-mare\/","name":"Vita di mare - oasimare","isPartOf":{"@id":"https:\/\/oasimare.it\/#website"},"datePublished":"2021-03-14T11:46:50+00:00","dateModified":"2021-12-17T09:33:10+00:00","breadcrumb":{"@id":"https:\/\/oasimare.it\/de\/vita-di-mare\/#breadcrumb"},"inLanguage":"de-DE","potentialAction":[{"@type":"ReadAction","target":["https:\/\/oasimare.it\/de\/vita-di-mare\/"]}]},{"@type":"BreadcrumbList","@id":"https:\/\/oasimare.it\/de\/vita-di-mare\/#breadcrumb","itemListElement":[{"@type":"ListItem","position":1,"name":"Home","item":"https:\/\/oasimare.it\/de\/"},{"@type":"ListItem","position":2,"name":"Vita di mare"}]}]}},"_links":{"self":[{"href":"https:\/\/oasimare.it\/de\/wp-json\/wp\/v2\/pages\/3555"}],"collection":[{"href":"https:\/\/oasimare.it\/de\/wp-json\/wp\/v2\/pages"}],"about":[{"href":"https:\/\/oasimare.it\/de\/wp-json\/wp\/v2\/types\/page"}],"author":[{"embeddable":true,"href":"https:\/\/oasimare.it\/de\/wp-json\/wp\/v2\/users\/1"}],"replies":[{"embeddable":true,"href":"https:\/\/oasimare.it\/de\/wp-json\/wp\/v2\/comments?post=3555"}],"version-history":[{"count":14,"href":"https:\/\/oasimare.it\/de\/wp-json\/wp\/v2\/pages\/3555\/revisions"}],"predecessor-version":[{"id":3626,"href":"https:\/\/oasimare.it\/de\/wp-json\/wp\/v2\/pages\/3555\/revisions\/3626"}],"wp:attachment":[{"href":"https:\/\/oasimare.it\/de\/wp-json\/wp\/v2\/media?parent=3555"}],"wp:term":[{"taxonomy":"folder","embeddable":true,"href":"https:\/\/oasimare.it\/de\/wp-json\/wp\/v2\/folder?post=3555"}],"curies":[{"name":"wp","href":"https:\/\/api.w.org\/{rel}","templated":true}]}}