{"id":2214,"date":"2021-03-14T12:04:46","date_gmt":"2021-03-14T12:04:46","guid":{"rendered":"https:\/\/oasimare.it\/oasimare\/chi-e-dove\/"},"modified":"2021-12-02T07:30:23","modified_gmt":"2021-12-02T07:30:23","slug":"wer-und-wo","status":"publish","type":"page","link":"https:\/\/oasimare.it\/de\/wer-und-wo\/","title":{"rendered":"Wer und Wo"},"content":{"rendered":"<p>[vc_row][vc_column width=&#8220;1\/2&#8243;]<div class=\"sohohotel-title3 sohohotel-title-color\"><h4>Oasimare<\/h4><\/div>[vc_column_text]OASImare ist der Name, den meine Familie gew\u00e4hlt hat, um unsere Wohnungen in Bibione zu verwalten.<\/p>\n<p>Ich werde Ihnen von der Buchung bis zur Abreise folgen, Sie bei Ihrer Ankunft begr\u00fc\u00dfen und w\u00e4hrend Ihres Aufenthalts f\u00fcr alle Bed\u00fcrfnisse und Informationen zur Verf\u00fcgung stehen.<\/p>\n<p>F\u00fcr Informationen \u00fcber die Unterk\u00fcnfte z\u00f6gern Sie nicht, uns \u00fcber die Kontaktdaten zu kontaktieren, die f\u00fcr Sie am bequemsten sind und die Sie auf der <a href=\"https:\/\/oasimare.it\/de\/kontakte\/\">Kontaktseite<\/a> aktualisiert finden.[\/vc_column_text][vc_empty_space height=&#8220;40px&#8220;][\/vc_column][vc_column width=&#8220;1\/2&#8243;][vc_column_text]<\/p>\n\n\t\t<div id='gallery-1' class='gallery galleryid-2214 gallery-columns-2 gallery-size-thumbnail'><div class='gallery-item'><div class='gallery-icon'><a href=\"https:\/\/oasimare.it\/oasimare\/wp-content\/uploads\/2021\/05\/bandiera-blu-bibione_s.jpg\" data-gal=\"prettyPhoto[gallery-1]\" title=\"bandiera-blu-bibione_s\"><img src=\"https:\/\/oasimare.it\/oasimare\/wp-content\/uploads\/2021\/05\/bandiera-blu-bibione_s.jpg\" alt=\"\" \/><\/a><\/div><\/div><div class='gallery-item'><div class='gallery-icon'><a href=\"https:\/\/oasimare.it\/oasimare\/wp-content\/uploads\/2021\/03\/appartamento_47_04.jpg\" data-gal=\"prettyPhoto[gallery-1]\" title=\"appartamento_47_04\"><img src=\"https:\/\/oasimare.it\/oasimare\/wp-content\/uploads\/2021\/03\/appartamento_47_04.jpg\" alt=\"\" \/><\/a><\/div><\/div><div class='gallery-item'><div class='gallery-icon'><a href=\"https:\/\/oasimare.it\/oasimare\/wp-content\/uploads\/2021\/03\/appartamento_47_12.jpg\" data-gal=\"prettyPhoto[gallery-1]\" title=\"appartamento_47_12\"><img src=\"https:\/\/oasimare.it\/oasimare\/wp-content\/uploads\/2021\/03\/appartamento_47_12.jpg\" alt=\"\" \/><\/a><\/div><\/div>\n\t\t\t<br style='clear: both;' \/>\n\t\t<\/div>\n\n<p>[\/vc_column_text][vc_empty_space height=&#8220;40px&#8220;][\/vc_column][\/vc_row][vc_row css=&#8220;.vc_custom_1615723777004{padding-top: 40px !important;padding-bottom: 40px !important;}&#8220;][vc_column]<div class=\"sohohotel-title3 sohohotel-title-color\"><h4>Wo wir sind<\/h4><\/div>[vc_gmaps link=&#8220;#E-8_JTNDaWZyYW1lJTIwc3JjJTNEJTIyaHR0cHMlM0ElMkYlMkZ3d3cuZ29vZ2xlLmNvbSUyRm1hcHMlMkZlbWJlZCUzRnBiJTNEJTIxMW0xOCUyMTFtMTIlMjExbTMlMjExZDExMTU4LjY1MDk1OTgzMzc2NyUyMTJkMTMuMDQzMTEwOTE5NjQ5MDAzJTIxM2Q0NS42Mzc1MTEwOTU3MTY1NyUyMTJtMyUyMTFmMCUyMTJmMCUyMTNmMCUyMTNtMiUyMTFpMTAyNCUyMTJpNzY4JTIxNGYxMy4xJTIxM20zJTIxMW0yJTIxMXMweDQ3N2I5MmMxNGE0YzZlZGQlMjUzQTB4MTZjZTk1MTFhNWU1OTIxNyUyMTJzT0FTSSUyNTIwbWFyZSUyNTIwQmliaW9uZSUyMTVlMCUyMTNtMiUyMTFzaXQlMjEyc2l0JTIxNHYxNjE1NDAxNDgzMzU4JTIxNW0yJTIxMXNpdCUyMTJzaXQlMjIlMjB3aWR0aCUzRCUyMjExNDAlMjIlMjBoZWlnaHQlM0QlMjIzNzAlMjIlMjBzdHlsZSUzRCUyMmJvcmRlciUzQTAlM0IlMjIlMjBhbGxvd2Z1bGxzY3JlZW4lM0QlMjIlMjIlMjBsb2FkaW5nJTNEJTIybGF6eSUyMiUzRSUzQyUyRmlmcmFtZSUzRQ==&#8220; size=&#8220;370&#8243;][\/vc_column][\/vc_row]<\/p>\n","protected":false},"excerpt":{"rendered":"<p>[vc_row][vc_column width=&#8220;1\/2&#8243;][vc_column_text]OASImare ist der Name, den meine Familie gew\u00e4hlt hat, um unsere Wohnungen in Bibione zu verwalten. Ich werde Ihnen von der Buchung bis zur Abreise folgen, Sie bei Ihrer Ankunft begr\u00fc\u00dfen und w\u00e4hrend Ihres Aufenthalts f\u00fcr alle Bed\u00fcrfnisse und Informationen zur Verf\u00fcgung stehen. F\u00fcr Informationen \u00fcber die Unterk\u00fcnfte z\u00f6gern Sie nicht, uns \u00fcber die<\/p>\n<a href=\"https:\/\/oasimare.it\/de\/wer-und-wo\/\" class=\"sohohotel-more-link\">Read More<i class=\"fa fa-angle-right\"><\/i><\/a>","protected":false},"author":1,"featured_media":0,"parent":0,"menu_order":0,"comment_status":"closed","ping_status":"closed","template":"","meta":[],"folder":[29],"yoast_head":"<!-- This site is optimized with the Yoast SEO plugin v18.4.1 - https:\/\/yoast.com\/wordpress\/plugins\/seo\/ -->\n<title>Wer und Wo - oasimare<\/title>\n<meta name=\"robots\" content=\"index, follow, max-snippet:-1, max-image-preview:large, max-video-preview:-1\" \/>\n<link rel=\"canonical\" href=\"https:\/\/oasimare.it\/de\/wer-und-wo\/\" \/>\n<meta property=\"og:locale\" content=\"de_DE\" \/>\n<meta property=\"og:type\" content=\"article\" \/>\n<meta property=\"og:title\" content=\"Wer und Wo - oasimare\" \/>\n<meta property=\"og:description\" content=\"[vc_row][vc_column width=&#8220;1\/2&#8243;][vc_column_text]OASImare ist der Name, den meine Familie gew\u00e4hlt hat, um unsere Wohnungen in Bibione zu verwalten. Ich werde Ihnen von der Buchung bis zur Abreise folgen, Sie bei Ihrer Ankunft begr\u00fc\u00dfen und w\u00e4hrend Ihres Aufenthalts f\u00fcr alle Bed\u00fcrfnisse und Informationen zur Verf\u00fcgung stehen. F\u00fcr Informationen \u00fcber die Unterk\u00fcnfte z\u00f6gern Sie nicht, uns \u00fcber die\" \/>\n<meta property=\"og:url\" content=\"https:\/\/oasimare.it\/de\/wer-und-wo\/\" \/>\n<meta property=\"og:site_name\" content=\"oasimare\" \/>\n<meta property=\"article:modified_time\" content=\"2021-12-02T07:30:23+00:00\" \/>\n<meta name=\"twitter:card\" content=\"summary_large_image\" \/>\n<meta name=\"twitter:label1\" content=\"Gesch\u00e4tzte Lesezeit\" \/>\n\t<meta name=\"twitter:data1\" content=\"1 Minute\" \/>\n<script type=\"application\/ld+json\" class=\"yoast-schema-graph\">{\"@context\":\"https:\/\/schema.org\",\"@graph\":[{\"@type\":\"WebSite\",\"@id\":\"https:\/\/oasimare.it\/#website\",\"url\":\"https:\/\/oasimare.it\/\",\"name\":\"oasimare\",\"description\":\"Ferienwohnungen in Bibione\",\"inLanguage\":\"de-DE\"},{\"@type\":\"WebPage\",\"@id\":\"https:\/\/oasimare.it\/de\/wer-und-wo\/#webpage\",\"url\":\"https:\/\/oasimare.it\/de\/wer-und-wo\/\",\"name\":\"Wer und Wo - oasimare\",\"isPartOf\":{\"@id\":\"https:\/\/oasimare.it\/#website\"},\"datePublished\":\"2021-03-14T12:04:46+00:00\",\"dateModified\":\"2021-12-02T07:30:23+00:00\",\"breadcrumb\":{\"@id\":\"https:\/\/oasimare.it\/de\/wer-und-wo\/#breadcrumb\"},\"inLanguage\":\"de-DE\",\"potentialAction\":[{\"@type\":\"ReadAction\",\"target\":[\"https:\/\/oasimare.it\/de\/wer-und-wo\/\"]}]},{\"@type\":\"BreadcrumbList\",\"@id\":\"https:\/\/oasimare.it\/de\/wer-und-wo\/#breadcrumb\",\"itemListElement\":[{\"@type\":\"ListItem\",\"position\":1,\"name\":\"Home\",\"item\":\"https:\/\/oasimare.it\/de\/\"},{\"@type\":\"ListItem\",\"position\":2,\"name\":\"Wer und Wo\"}]}]}<\/script>\n<!-- \/ Yoast SEO plugin. -->","yoast_head_json":{"title":"Wer und Wo - oasimare","robots":{"index":"index","follow":"follow","max-snippet":"max-snippet:-1","max-image-preview":"max-image-preview:large","max-video-preview":"max-video-preview:-1"},"canonical":"https:\/\/oasimare.it\/de\/wer-und-wo\/","og_locale":"de_DE","og_type":"article","og_title":"Wer und Wo - oasimare","og_description":"[vc_row][vc_column width=&#8220;1\/2&#8243;][vc_column_text]OASImare ist der Name, den meine Familie gew\u00e4hlt hat, um unsere Wohnungen in Bibione zu verwalten. Ich werde Ihnen von der Buchung bis zur Abreise folgen, Sie bei Ihrer Ankunft begr\u00fc\u00dfen und w\u00e4hrend Ihres Aufenthalts f\u00fcr alle Bed\u00fcrfnisse und Informationen zur Verf\u00fcgung stehen. F\u00fcr Informationen \u00fcber die Unterk\u00fcnfte z\u00f6gern Sie nicht, uns \u00fcber die","og_url":"https:\/\/oasimare.it\/de\/wer-und-wo\/","og_site_name":"oasimare","article_modified_time":"2021-12-02T07:30:23+00:00","twitter_card":"summary_large_image","twitter_misc":{"Gesch\u00e4tzte Lesezeit":"1 Minute"},"schema":{"@context":"https:\/\/schema.org","@graph":[{"@type":"WebSite","@id":"https:\/\/oasimare.it\/#website","url":"https:\/\/oasimare.it\/","name":"oasimare","description":"Ferienwohnungen in Bibione","inLanguage":"de-DE"},{"@type":"WebPage","@id":"https:\/\/oasimare.it\/de\/wer-und-wo\/#webpage","url":"https:\/\/oasimare.it\/de\/wer-und-wo\/","name":"Wer und Wo - oasimare","isPartOf":{"@id":"https:\/\/oasimare.it\/#website"},"datePublished":"2021-03-14T12:04:46+00:00","dateModified":"2021-12-02T07:30:23+00:00","breadcrumb":{"@id":"https:\/\/oasimare.it\/de\/wer-und-wo\/#breadcrumb"},"inLanguage":"de-DE","potentialAction":[{"@type":"ReadAction","target":["https:\/\/oasimare.it\/de\/wer-und-wo\/"]}]},{"@type":"BreadcrumbList","@id":"https:\/\/oasimare.it\/de\/wer-und-wo\/#breadcrumb","itemListElement":[{"@type":"ListItem","position":1,"name":"Home","item":"https:\/\/oasimare.it\/de\/"},{"@type":"ListItem","position":2,"name":"Wer und Wo"}]}]}},"_links":{"self":[{"href":"https:\/\/oasimare.it\/de\/wp-json\/wp\/v2\/pages\/2214"}],"collection":[{"href":"https:\/\/oasimare.it\/de\/wp-json\/wp\/v2\/pages"}],"about":[{"href":"https:\/\/oasimare.it\/de\/wp-json\/wp\/v2\/types\/page"}],"author":[{"embeddable":true,"href":"https:\/\/oasimare.it\/de\/wp-json\/wp\/v2\/users\/1"}],"replies":[{"embeddable":true,"href":"https:\/\/oasimare.it\/de\/wp-json\/wp\/v2\/comments?post=2214"}],"version-history":[{"count":6,"href":"https:\/\/oasimare.it\/de\/wp-json\/wp\/v2\/pages\/2214\/revisions"}],"predecessor-version":[{"id":3253,"href":"https:\/\/oasimare.it\/de\/wp-json\/wp\/v2\/pages\/2214\/revisions\/3253"}],"wp:attachment":[{"href":"https:\/\/oasimare.it\/de\/wp-json\/wp\/v2\/media?parent=2214"}],"wp:term":[{"taxonomy":"folder","embeddable":true,"href":"https:\/\/oasimare.it\/de\/wp-json\/wp\/v2\/folder?post=2214"}],"curies":[{"name":"wp","href":"https:\/\/api.w.org\/{rel}","templated":true}]}}