{"id":2152,"date":"2021-03-13T11:50:30","date_gmt":"2021-03-13T11:50:30","guid":{"rendered":"https:\/\/oasimare.it\/oasimare\/informazioni\/"},"modified":"2025-01-16T20:31:41","modified_gmt":"2025-01-16T20:31:41","slug":"informationen","status":"publish","type":"page","link":"https:\/\/oasimare.it\/de\/informationen\/","title":{"rendered":"Informationen"},"content":{"rendered":"<p>[vc_row][vc_column width=&#8220;1\/4&#8243;][vc_single_image image=&#8220;1577&#8243; img_size=&#8220;170&#215;170&#8243;][vc_empty_space][\/vc_column][vc_column width=&#8220;3\/4&#8243;][vc_column_text]<strong>SIE K\u00d6NNEN IHREN URLAUB AM MEER BUCHEN:<\/strong><br \/>\n\u2022 \u00fcber unsere <strong>\u201cKontaktdaten\u201d<\/strong>, die auch in der Fu\u00dfzeile angegeben sind, <a href=\"#footer\">hier &gt;<\/a><br \/>\n\u2022 indem Sie uns eine Nachricht von der <strong>\u201cKontaktseite\u201d <\/strong>senden, <a href=\"https:\/\/oasimare.it\/de\/kontakte\/\">hier &gt;<\/a><br \/>\n\u2022\u00a0<strong>\u00fcber unsere \u201cOnline-BUCHUNG-Funktionalit\u00e4t\u201d<\/strong>, <a href=\"https:\/\/oasimare.it\/de\/buchungen\/\">hier &gt;<\/a>, auch auf dieser Seite, auf der Sie <strong>ganz einfach<\/strong> die Daten und verf\u00fcgbaren Apartments \u00fcberpr\u00fcfen und Ihre Reservierung <strong>sofort buchen<\/strong> k\u00f6nnen.[\/vc_column_text][vc_empty_space][\/vc_column][\/vc_row][vc_row][vc_column width=&#8220;1\/4&#8243;][vc_single_image image=&#8220;1580&#8243; img_size=&#8220;170&#215;170&#8243;][vc_empty_space][\/vc_column][vc_column width=&#8220;3\/4&#8243;][vc_column_text]Um die Buchung zu garantieren, erbitten wir eine Anzahlung in H\u00f6he von 30%.<br \/>\nSobald die Anzahlung bei uns eingegangen ist, erhalten Sie eine schriftliche Buchungsbest\u00e4tigung.<\/p>\n<p><strong>EINE ANZAHLUNG IST M\u00d6GLICH PER:<\/strong><br \/>\n\u2022 \u00a0\u00dcberweisung (siehe Bankverbindung)<\/p>\n<p><strong>BANKVERBINDUNG:<\/strong><br \/>\n<strong>Banca Prealpi San Biagio Credito Cooperativo<\/strong><br \/>\nEmpf\u00e4nger: PIETRO BRAVIN, SANDRA ZANGRANDO<br \/>\nBIC\/SWIFT: CCRT IT 2T PRE<br \/>\nIBAN: IT86 F089 0436 1200 4600 0742 565<br \/>\nBitte geben Sie bei der \u00dcberweisung die Vertragsnummer sowie Name und Vorname des Buchers an.[\/vc_column_text][vc_column_text]<\/p>\n<p id=\"tw-target-text\" class=\"tw-data-text tw-text-large XcVN5d tw-ta\" dir=\"ltr\" data-placeholder=\"Traduzione\"><span lang=\"de\">Sie k\u00f6nnen die Reservierung nur wirksam machen, wenn wir die Verf\u00fcgbarkeit best\u00e4tigt haben. Wenn sie noch nicht innerhalb von 24 Stunden (Werktagen) best\u00e4tigt wurde, kontaktieren Sie uns bitte. Der als Anzahlung f\u00e4llige Betrag und die Einzelheiten des Vorschlags werden per E-Mail mitgeteilt.<\/span><\/p>\n<p class=\"tw-data-text tw-text-large XcVN5d tw-ta\" dir=\"ltr\" data-placeholder=\"Traduzione\"><span lang=\"de\">Die Kaution entspricht in jedem Fall 30% des Mietpreises und muss sp\u00e4testens 3 Tage nach dem Datum, an dem die Verf\u00fcgbarkeit der Wohnung f\u00fcr den gew\u00fcnschten Zeitraum mitgeteilt wurde, bei der OASI-Stute eingegangen sein.<\/span><\/p>\n<p>[\/vc_column_text][vc_empty_space][\/vc_column][\/vc_row][vc_row][vc_column width=&#8220;1\/4&#8243;][vc_single_image image=&#8220;1579&#8243; img_size=&#8220;170&#215;170&#8243;][vc_empty_space][\/vc_column][vc_column width=&#8220;3\/4&#8243;][vc_tta_accordion active_section=&#8220;0&#8243; collapsible_all=&#8220;true&#8220;][vc_tta_section title=&#8220;1. Voraussetzungen&#8220; tab_id=&#8220;1619890047190-0f33eb21-3710&#8243;][vc_column_text]<span lang=\"de\">In diesen &#8222;Allgemeinen Mietbedingungen&#8220; meinen wir: \u2022 f\u00fcr OASI-Stute &#8222;Vermieter&#8220;; \u2022 durch &#8222;Kunde&#8220; die Person, die die Reservierung vornimmt und die von der OASI-Stute zur Vermietung angebotenen Immobilien nutzt; \u2022 f\u00fcr die &#8222;Buchung&#8220; des Antrags des Kunden, eine Wohnung f\u00fcr einen bestimmten Zeitraum zu mieten; \u2022 f\u00fcr &#8222;Vertragsvorschlag&#8220; die Mitteilung des Vermieters nach Erhalt der Reservierung \u00fcber die Verf\u00fcgbarkeit einer Wohnung f\u00fcr den Kunden mit den Einzelheiten des Angebots und einer Aufforderung zur \u00dcbermittlung der Anzahlung; \u2022 f\u00fcr &#8222;Best\u00e4tigungsschreiben&#8220; die Mitteilung des Vermieters, in der der Eingang der Anzahlung und der Abschluss des Mietvertrags best\u00e4tigt werden; \u2022 f\u00fcr &#8222;Leasing&#8220; den zwischen dem Vermieter und dem Kunden geschlossenen Vertrag; \u2022 f\u00fcr \u201eAllgemeine Gesch\u00e4ftsbedingungen\u201c die Bedingungen und Regeln, denen der Mietvertrag unterliegt.<\/span>[\/vc_column_text][\/vc_tta_section][vc_tta_section title=&#8220;2. Buchung und Abschluss des Mietvertrags&#8220; tab_id=&#8220;1619890047221-cdf73815-7b5c&#8220;][vc_column_text]Der Mietvertrag gilt als abgeschlossen, wenn der Kunde das Best\u00e4tigungsschreiben erh\u00e4lt, das der Vermieter unmittelbar nach Erhalt der in Art. 1 genannten Anzahlung sendet. 3.<br \/>\nDas Best\u00e4tigungsschreiben muss vom Kunden zum Zeitpunkt der \u00dcbernahme der Schl\u00fcssel der gemieteten Wohnung vorgelegt werden. Dem Best\u00e4tigungsschreiben ist ein Formular mit der Mieterliste beigef\u00fcgt, das so schnell wie m\u00f6glich ausgef\u00fcllt, unterschrieben und an den Vermieter zur\u00fcckgesandt werden muss.[\/vc_column_text][\/vc_tta_section][vc_tta_section title=&#8220;3. Kaution und Zahlung der Geb\u00fchr&#8220; tab_id=&#8220;1619890187934-d72a8f15-85f2&#8243;][vc_column_text]Der als Anzahlung f\u00e4llige Betrag und die Einzelheiten des Vorschlags werden dem Vertragsvorschlag mitgeteilt. Die Kaution entspricht in jedem Fall 30% des Mietpreises und muss sp\u00e4testens f\u00fcnfzehn Tage nach dem Datum, an dem die Verf\u00fcgbarkeit der Wohnung f\u00fcr den gew\u00fcnschten Zeitraum mitgeteilt wurde, beim Vermieter eingegangen sein. In jedem Fall die Nummer des Vertragsvorschlags sowie den Vor- und Nachnamen des Inhabers der Buchung.<br \/>\nDer Vermieter beh\u00e4lt sich das Recht vor, Einlagen abzulehnen, die mehr als f\u00fcnfzehn Tage nach dem Datum der Mitteilung der Verf\u00fcgbarkeit der Wohneinheit eingehen, wodurch der entsprechende Vertragsvorschlag automatisch widerrufen wird. Der Restbetrag der Miete muss bei der Ankunft zusammen mit der Abholung der Wohnungsschl\u00fcssel in bar bezahlt werden.[\/vc_column_text][\/vc_tta_section][vc_tta_section title=&#8220;4. Stornierung und R\u00fccknahme&#8220; tab_id=&#8220;1619890213869-a0985da8-1491&#8243;][vc_column_text]<\/p>\n<p dir=\"ltr\" data-placeholder=\"Traduzione\">Im Falle einer Stornierung des Urlaubs verlieren Sie die gezahlte Anzahlung nicht: Bei Stornierungen, die mindestens 4 Wochen vor Anreise mitgeteilt werden, erhalten Sie einen Bonus auf den bereits bezahlten Gesamtbetrag, der f\u00fcr eine Reservierung im folgenden Jahr um eins g\u00fcltig ist unserer Wohnungen.<\/p>\n<p>[\/vc_column_text][\/vc_tta_section][vc_tta_section title=&#8220;5. Ankunft, Nichtankunft und vorzeitige Abreise&#8220; tab_id=&#8220;1619890248117-83445fa1-d3ba&#8220;][vc_column_text]<\/p>\n<p dir=\"ltr\" data-placeholder=\"Traduzione\">Die Ankunft muss am vereinbarten Tag zwischen 17.00 Uhr und 20.00 Uhr nachmittags erfolgen. Bei der Ankunft m\u00fcssen die Ausweispapiere aller Personen, die die Wohnung bewohnen, zur Registrierung vorgelegt werden. Im Falle einer Verz\u00f6gerung muss der Kunde den Vermieter unverz\u00fcglich benachrichtigen; Andernfalls bleibt die Wohnung bis 10.00 Uhr am folgenden Tag verf\u00fcgbar. Danach kann der Vermieter sie an Dritte vermieten.<br \/>\nF\u00fcr den Fall, dass der Kunde seine Abreise in Bezug auf die vereinbarte Frist vorwegnimmt, hat er in keinem Fall Anspruch auf eine Erm\u00e4\u00dfigung der Geb\u00fchr, so dass er die R\u00fcckerstattung des gezahlten Betrags nicht verlangen kann.<\/p>\n<p>[\/vc_column_text][\/vc_tta_section][vc_tta_section title=&#8220;6. Aufenthaltsregeln und Strafen f\u00fcr deren Nichteinhaltung&#8220; tab_id=&#8220;1619890291379-2882fb5a-1124&#8243;][vc_column_text]<\/p>\n<p dir=\"ltr\" data-placeholder=\"Traduzione\">Es ist verboten, mehr Personen aufzunehmen, als die Anzahl der Betten erlaubt, die im Vertragsvorschlag des Vermieters und in der dem Best\u00e4tigungsschreiben beigef\u00fcgten Mieterliste angegeben sind. In dieser Hinsicht gelten Kinder als Erwachsene.<br \/>\nDie G\u00e4ste m\u00fcssen die Hausregeln einhalten und die allgemeinen Regeln f\u00fcr den Frieden genau einhalten, insbesondere nachmittags und nachts, um st\u00f6rende Ger\u00e4usche und Gackern zu vermeiden.<br \/>\nDie G\u00e4ste verpflichten sich, die Wohnung (W\u00e4nde, B\u00f6den usw.), die Haushaltsger\u00e4te (Geschirr, K\u00fchlschrank, Herd usw.) und die Einrichtung (M\u00f6bel, Betten, Tische usw.) mit gr\u00f6\u00dfter Sorgfalt zu pflegen. Bitte entfernen Sie die St\u00fchle und den Tisch von der Terrasse, wenn die Wohnung unbeaufsichtigt bleibt. Besch\u00e4digte oder gestohlene Gegenst\u00e4nde m\u00fcssen vom Kunden entsch\u00e4digt werden.<br \/>\nReklamationen \u00fcber den Zustand der Wohnung und zugeh\u00f6riges Zubeh\u00f6r werden erst innerhalb von 24 Stunden nach Ankunft entgegengenommen.<br \/>\nKleine Haustiere (max. 8 kg) sind zum Zeitpunkt der Buchung angegeben.<br \/>\nDie Verwendung eigener \u00d6fen, Elektroherde oder Klimaanlagen ist nicht gestattet.<br \/>\nIn Bezug auf diese Verhaltensregeln des Aufenthalts beh\u00e4lt sich der Vermieter vor allem das Recht vor, die R\u00e4umlichkeiten nach eigenem Ermessen zu inspizieren, ohne jedoch auf die Anzahl der Mieter, die Pflege der Wohnungen und Zimmer und die Achtung des Friedens beschr\u00e4nkt zu sein , auch in Abwesenheit von Mietern, um die Einhaltung der Vorschriften zu \u00fcberpr\u00fcfen. Sollte sich aus der Pr\u00fcfung eine schwerwiegende Nichteinhaltung ergeben, gilt der Mietvertrag als gesetzlich beendet mit sofortiger Wirkung wegen Nichterf\u00fcllung durch den Kunden, und der Vermieter kann die sofortige Freigabe der R\u00e4umlichkeiten anordnen, gegebenenfalls unter Verwendung der \u00f6ffentliche Gewalt, als die Zahlung der vereinbarten Geb\u00fchr zu fordern, die zum Zeitpunkt der Freigabe verbleiben sollte. Unbeschadet des Anspruchs auf Schadensersatz. In diesem Zusammenhang empfiehlt der Vermieter, die Wohnungen aufgrund ihrer Art, ihres Kontextes und ihrer Lage nur f\u00fcr Familien zu nutzen.<\/p>\n<p>[\/vc_column_text][\/vc_tta_section][vc_tta_section title=&#8220;7. Ausstattung der Wohnungen&#8220; tab_id=&#8220;1619890370632-9ec625fe-ee3e&#8220;][vc_column_text]Alle Apartments sind komplett m\u00f6bliert und mit Gaskocher, K\u00fchlschrank, K\u00fcchenutensilien (T\u00f6pfe, Teller, Gl\u00e4ser, Geschirr), flie\u00dfend hei\u00dfem und kaltem Wasser sowie 220 Volt Strom ausgestattet. Die Gasversorgung erfolgt \u00fcber eine Flasche, die bei Ersch\u00f6pfung zu folgenden Zeiten kostenlos ausgetauscht wird: t\u00e4glich von 8.45 bis 12.45 Uhr und von 15.45 bis 19.30 Uhr (ohne Sonntagnachmittag).<br \/>\nJedes Bett ist mit einer Decke, einem Kissen und Handt\u00fcchern f\u00fcr das Badezimmer ausgestattet. Die Apartments sind auch mit Tischdecken f\u00fcr den Esstisch ausgestattet. Die Matratzenbez\u00fcge und Kissenbez\u00fcge k\u00f6nnen nicht als Bettw\u00e4sche verwendet werden. Der Parkplatz ist f\u00fcr normal gro\u00dfe Autos vorgesehen. Das Parken ist f\u00fcr Kleinbusse, Minivans und Vans nicht garantiert.[\/vc_column_text][\/vc_tta_section][vc_tta_section title=&#8220;8. Abfahrt&#8220; tab_id=&#8220;1619890413338-532a98a6-7f2a&#8220;][vc_column_text]Die Wohnung muss am festgelegten Tag bis 10.00 Uhr ger\u00e4umt sein, damit der Vermieter den Nutzungszustand und die Sauberkeit der Wohnung \u00fcberpr\u00fcfen kann. Der Vermieter kann auf Anfrage die n\u00e4chtliche Abreise genehmigen, beh\u00e4lt sich jedoch in diesem Fall das Recht vor, die vom Kunden gezahlte Anzahlung, auf die im n\u00e4chsten Punkt Bezug genommen wird, zur\u00fcckzuhalten und nach erfolgter Pr\u00fcfung per Post zur\u00fcckzusenden Zustand der R\u00e4umlichkeiten.<br \/>\nDie Wohnung muss sauber und ordentlich sein, frei von M\u00fcll, der K\u00fchlschrank leer, das Geschirr gesp\u00fclt und die K\u00fcchenzeile perfekt sauber, sonst werden 50,00 \u20ac berechnet.[\/vc_column_text][\/vc_tta_section][vc_tta_section title=&#8220;9. Einzahlung&#8220; tab_id=&#8220;1619890464026-74945173-88c3&#8243;][vc_column_text]Der Kunde verpflichtet sich ab sofort, die Wohnungen in einwandfreiem Zustand zu verlassen. Etwaige Br\u00fcche oder Sch\u00e4den sind zu den Listenpreisen zu ersetzen. Um die rechtzeitige Einhaltung aller Verhaltens- und Wartungsregeln sowie die ordnungsgem\u00e4\u00dfe Nutzung der Apartments sicherzustellen, kann die Tourismusgesellschaft nach eigenem Ermessen vom Kunden eine Kaution in H\u00f6he von 100,00 \u20ac verlangen, wenn sie die Schl\u00fcssel abholt. Diese Kaution wird nach \u00dcberpr\u00fcfung des guten Zustands der Wohnung zur\u00fcckerstattet.[\/vc_column_text][\/vc_tta_section][vc_tta_section title=&#8220;10. Haftung des Vermieters&#8220; tab_id=&#8220;1619890499998-f7c7da00-3949&#8243;][vc_column_text]Dem Vermieter kann keine Verantwortung f\u00fcr eventuelle Br\u00fcche, Unf\u00e4lle, Verluste, Diebst\u00e4hle, Versp\u00e4tungen und Probleme in der Wohnung \u00fcbertragen werden. Es erbringt jedoch seine Dienste zur L\u00f6sung von Problemen, wobei alle nachgewiesenen Schadensersatzanspr\u00fcche direkt vor Ort vereinbart werden m\u00fcssen. F\u00fcr alle Rechtsstreitigkeiten ist ausschlie\u00dflich Venedig zust\u00e4ndig.[\/vc_column_text][\/vc_tta_section][vc_tta_section title=&#8220;11. Besondere Regeln&#8220; tab_id=&#8220;1619890552724-91c1a56c-9a01&#8243;][vc_column_text]Der Vermieter beh\u00e4lt sich das Recht vor, im Falle unvorhergesehener Umst\u00e4nde bei der Zuteilung der gebuchten Wohnung diese durch eine andere mit ungef\u00e4hr den gleichen typologischen Merkmalen zu ersetzen. In diesem Fall tr\u00e4gt der Tourismusverband die zus\u00e4tzlichen Kosten. Die Anfrage f\u00fcr eine bestimmte Wohnung (Anzahl, Etage, Ausrichtung, Aussicht usw.) wird von der Tourismusgesellschaft ber\u00fccksichtigt, die jedoch keine relative Garantie bietet. Die im Katalog angegebene Beschreibung der Zusammensetzung der M\u00f6bel kann in Ausnahmef\u00e4llen variieren. Wir informieren Sie, dass das vom Vermieter autorisierte Personal die Wohnungen auch in Abwesenheit der Mieter f\u00fcr Reparaturen oder Wartungen betreten kann.[\/vc_column_text][\/vc_tta_section][vc_tta_section title=&#8220;12. Akzeptanz&#8220; tab_id=&#8220;1619890597437-f2629659-03f3&#8243;][vc_column_text]Zum Zeitpunkt der Buchung akzeptiert der Kunde ausdr\u00fccklich alle hier aufgef\u00fchrten Bedingungen.[\/vc_column_text][\/vc_tta_section][\/vc_tta_accordion][vc_empty_space][vc_raw_html]JTNDYSUyMG5hbWUlM0QlMjJmb290ZXIlMjIlM0UlM0MlMkZhJTNF[\/vc_raw_html][\/vc_column][\/vc_row]<\/p>\n","protected":false},"excerpt":{"rendered":"<p>[vc_row][vc_column width=&#8220;1\/4&#8243;][vc_single_image image=&#8220;1577&#8243; img_size=&#8220;170&#215;170&#8243;][vc_empty_space][\/vc_column][vc_column width=&#8220;3\/4&#8243;][vc_column_text]SIE K\u00d6NNEN IHREN URLAUB AM MEER BUCHEN: \u2022 \u00fcber unsere \u201cKontaktdaten\u201d, die auch in der Fu\u00dfzeile angegeben sind, hier &gt; \u2022 indem Sie uns eine Nachricht von der \u201cKontaktseite\u201d senden, hier &gt; \u2022\u00a0\u00fcber unsere \u201cOnline-BUCHUNG-Funktionalit\u00e4t\u201d, hier &gt;, auch auf dieser Seite, auf der Sie ganz einfach die Daten und verf\u00fcgbaren Apartments<\/p>\n<a href=\"https:\/\/oasimare.it\/de\/informationen\/\" class=\"sohohotel-more-link\">Read More<i class=\"fa fa-angle-right\"><\/i><\/a>","protected":false},"author":1,"featured_media":0,"parent":0,"menu_order":0,"comment_status":"closed","ping_status":"closed","template":"","meta":[],"folder":[29],"yoast_head":"<!-- This site is optimized with the Yoast SEO plugin v18.4.1 - https:\/\/yoast.com\/wordpress\/plugins\/seo\/ -->\n<title>Informationen - oasimare<\/title>\n<meta name=\"robots\" content=\"index, follow, max-snippet:-1, max-image-preview:large, max-video-preview:-1\" \/>\n<link rel=\"canonical\" href=\"https:\/\/oasimare.it\/de\/informationen\/\" \/>\n<meta property=\"og:locale\" content=\"de_DE\" \/>\n<meta property=\"og:type\" content=\"article\" \/>\n<meta property=\"og:title\" content=\"Informationen - oasimare\" \/>\n<meta property=\"og:description\" content=\"[vc_row][vc_column width=&#8220;1\/4&#8243;][vc_single_image image=&#8220;1577&#8243; img_size=&#8220;170&#215;170&#8243;][vc_empty_space][\/vc_column][vc_column width=&#8220;3\/4&#8243;][vc_column_text]SIE K\u00d6NNEN IHREN URLAUB AM MEER BUCHEN: \u2022 \u00fcber unsere \u201cKontaktdaten\u201d, die auch in der Fu\u00dfzeile angegeben sind, hier &gt; \u2022 indem Sie uns eine Nachricht von der \u201cKontaktseite\u201d senden, hier &gt; \u2022\u00a0\u00fcber unsere \u201cOnline-BUCHUNG-Funktionalit\u00e4t\u201d, hier &gt;, auch auf dieser Seite, auf der Sie ganz einfach die Daten und verf\u00fcgbaren Apartments\" \/>\n<meta property=\"og:url\" content=\"https:\/\/oasimare.it\/de\/informationen\/\" \/>\n<meta property=\"og:site_name\" content=\"oasimare\" \/>\n<meta property=\"article:modified_time\" content=\"2025-01-16T20:31:41+00:00\" \/>\n<meta name=\"twitter:card\" content=\"summary_large_image\" \/>\n<meta name=\"twitter:label1\" content=\"Gesch\u00e4tzte Lesezeit\" \/>\n\t<meta name=\"twitter:data1\" content=\"7 Minuten\" \/>\n<script type=\"application\/ld+json\" class=\"yoast-schema-graph\">{\"@context\":\"https:\/\/schema.org\",\"@graph\":[{\"@type\":\"WebSite\",\"@id\":\"https:\/\/oasimare.it\/#website\",\"url\":\"https:\/\/oasimare.it\/\",\"name\":\"oasimare\",\"description\":\"Ferienwohnungen in Bibione\",\"inLanguage\":\"de-DE\"},{\"@type\":\"WebPage\",\"@id\":\"https:\/\/oasimare.it\/de\/informationen\/#webpage\",\"url\":\"https:\/\/oasimare.it\/de\/informationen\/\",\"name\":\"Informationen - oasimare\",\"isPartOf\":{\"@id\":\"https:\/\/oasimare.it\/#website\"},\"datePublished\":\"2021-03-13T11:50:30+00:00\",\"dateModified\":\"2025-01-16T20:31:41+00:00\",\"breadcrumb\":{\"@id\":\"https:\/\/oasimare.it\/de\/informationen\/#breadcrumb\"},\"inLanguage\":\"de-DE\",\"potentialAction\":[{\"@type\":\"ReadAction\",\"target\":[\"https:\/\/oasimare.it\/de\/informationen\/\"]}]},{\"@type\":\"BreadcrumbList\",\"@id\":\"https:\/\/oasimare.it\/de\/informationen\/#breadcrumb\",\"itemListElement\":[{\"@type\":\"ListItem\",\"position\":1,\"name\":\"Home\",\"item\":\"https:\/\/oasimare.it\/de\/\"},{\"@type\":\"ListItem\",\"position\":2,\"name\":\"Informationen\"}]}]}<\/script>\n<!-- \/ Yoast SEO plugin. -->","yoast_head_json":{"title":"Informationen - oasimare","robots":{"index":"index","follow":"follow","max-snippet":"max-snippet:-1","max-image-preview":"max-image-preview:large","max-video-preview":"max-video-preview:-1"},"canonical":"https:\/\/oasimare.it\/de\/informationen\/","og_locale":"de_DE","og_type":"article","og_title":"Informationen - oasimare","og_description":"[vc_row][vc_column width=&#8220;1\/4&#8243;][vc_single_image image=&#8220;1577&#8243; img_size=&#8220;170&#215;170&#8243;][vc_empty_space][\/vc_column][vc_column width=&#8220;3\/4&#8243;][vc_column_text]SIE K\u00d6NNEN IHREN URLAUB AM MEER BUCHEN: \u2022 \u00fcber unsere \u201cKontaktdaten\u201d, die auch in der Fu\u00dfzeile angegeben sind, hier &gt; \u2022 indem Sie uns eine Nachricht von der \u201cKontaktseite\u201d senden, hier &gt; \u2022\u00a0\u00fcber unsere \u201cOnline-BUCHUNG-Funktionalit\u00e4t\u201d, hier &gt;, auch auf dieser Seite, auf der Sie ganz einfach die Daten und verf\u00fcgbaren Apartments","og_url":"https:\/\/oasimare.it\/de\/informationen\/","og_site_name":"oasimare","article_modified_time":"2025-01-16T20:31:41+00:00","twitter_card":"summary_large_image","twitter_misc":{"Gesch\u00e4tzte Lesezeit":"7 Minuten"},"schema":{"@context":"https:\/\/schema.org","@graph":[{"@type":"WebSite","@id":"https:\/\/oasimare.it\/#website","url":"https:\/\/oasimare.it\/","name":"oasimare","description":"Ferienwohnungen in Bibione","inLanguage":"de-DE"},{"@type":"WebPage","@id":"https:\/\/oasimare.it\/de\/informationen\/#webpage","url":"https:\/\/oasimare.it\/de\/informationen\/","name":"Informationen - oasimare","isPartOf":{"@id":"https:\/\/oasimare.it\/#website"},"datePublished":"2021-03-13T11:50:30+00:00","dateModified":"2025-01-16T20:31:41+00:00","breadcrumb":{"@id":"https:\/\/oasimare.it\/de\/informationen\/#breadcrumb"},"inLanguage":"de-DE","potentialAction":[{"@type":"ReadAction","target":["https:\/\/oasimare.it\/de\/informationen\/"]}]},{"@type":"BreadcrumbList","@id":"https:\/\/oasimare.it\/de\/informationen\/#breadcrumb","itemListElement":[{"@type":"ListItem","position":1,"name":"Home","item":"https:\/\/oasimare.it\/de\/"},{"@type":"ListItem","position":2,"name":"Informationen"}]}]}},"_links":{"self":[{"href":"https:\/\/oasimare.it\/de\/wp-json\/wp\/v2\/pages\/2152"}],"collection":[{"href":"https:\/\/oasimare.it\/de\/wp-json\/wp\/v2\/pages"}],"about":[{"href":"https:\/\/oasimare.it\/de\/wp-json\/wp\/v2\/types\/page"}],"author":[{"embeddable":true,"href":"https:\/\/oasimare.it\/de\/wp-json\/wp\/v2\/users\/1"}],"replies":[{"embeddable":true,"href":"https:\/\/oasimare.it\/de\/wp-json\/wp\/v2\/comments?post=2152"}],"version-history":[{"count":28,"href":"https:\/\/oasimare.it\/de\/wp-json\/wp\/v2\/pages\/2152\/revisions"}],"predecessor-version":[{"id":4108,"href":"https:\/\/oasimare.it\/de\/wp-json\/wp\/v2\/pages\/2152\/revisions\/4108"}],"wp:attachment":[{"href":"https:\/\/oasimare.it\/de\/wp-json\/wp\/v2\/media?parent=2152"}],"wp:term":[{"taxonomy":"folder","embeddable":true,"href":"https:\/\/oasimare.it\/de\/wp-json\/wp\/v2\/folder?post=2152"}],"curies":[{"name":"wp","href":"https:\/\/api.w.org\/{rel}","templated":true}]}}